{"id":1111,"date":"2022-03-31T00:14:21","date_gmt":"2022-03-31T00:14:21","guid":{"rendered":"https:\/\/expansionworks.ca\/?page_id=1111"},"modified":"2022-05-14T18:57:42","modified_gmt":"2022-05-14T18:57:42","slug":"coming-soon-employment-skills-support-group","status":"publish","type":"page","link":"https:\/\/expansionworks.ca\/es\/coming-soon-employment-skills-support-group\/","title":{"rendered":"Coming soon Employment skills support group\u00a0"},"content":{"rendered":"<div data-elementor-type=\"wp-page\" data-elementor-id=\"1111\" class=\"elementor elementor-1111\">\n\t\t\t\t\t\t\t\t\t<section class=\"elementor-section elementor-top-section elementor-element elementor-element-4a4227a1 elementor-section-height-full elementor-section-boxed elementor-section-height-default elementor-section-items-middle\" data-id=\"4a4227a1\" data-element_type=\"section\" data-settings=\"{&quot;background_background&quot;:&quot;classic&quot;,&quot;_ha_eqh_enable&quot;:false}\">\n\t\t\t\t\t\t\t<div class=\"elementor-background-overlay\"><\/div>\n\t\t\t\t\t\t\t<div class=\"elementor-container elementor-column-gap-default\">\n\t\t\t\t\t<div class=\"elementor-column elementor-col-100 elementor-top-column elementor-element elementor-element-1d895889\" data-id=\"1d895889\" data-element_type=\"column\">\n\t\t\t<div class=\"elementor-widget-wrap elementor-element-populated\">\n\t\t\t\t\t\t\t\t<section class=\"elementor-section elementor-inner-section elementor-element elementor-element-7dfea5dc elementor-section-boxed elementor-section-height-default elementor-section-height-default\" data-id=\"7dfea5dc\" data-element_type=\"section\" data-settings=\"{&quot;_ha_eqh_enable&quot;:false}\">\n\t\t\t\t\t\t<div class=\"elementor-container elementor-column-gap-default\">\n\t\t\t\t\t<div class=\"elementor-column elementor-col-100 elementor-inner-column elementor-element elementor-element-8457ebb\" data-id=\"8457ebb\" data-element_type=\"column\">\n\t\t\t<div class=\"elementor-widget-wrap elementor-element-populated\">\n\t\t\t\t\t\t\t\t<div class=\"elementor-element elementor-element-77c12cd4 premium-header-block elementor-widget elementor-widget-premium-addon-dual-header\" data-id=\"77c12cd4\" data-element_type=\"widget\" data-widget_type=\"premium-addon-dual-header.default\">\n\t\t\t\t<div class=\"elementor-widget-container\">\n\t\t\t\r\n\t\t\t\t<h2 class=\"premium-dual-header-first-header\"><span class=\"premium-dual-header-first-span\"> <\/span><span class=\"premium-dual-header-second-header premium-dual-header-second-clip stroke gradient\">En construcci\u00f3n<\/span><\/h2> \t\t\r\n\t\t\t\t<\/div>\n\t\t\t\t<\/div>\n\t\t\t\t<div class=\"elementor-element elementor-element-416ea82d elementor-widget elementor-widget-text-editor\" data-id=\"416ea82d\" data-element_type=\"widget\" data-widget_type=\"text-editor.default\">\n\t\t\t\t<div class=\"elementor-widget-container\">\n\t\t\t<style>\/*! elementor - v3.7.0 - 08-08-2022 *\/\n.elementor-widget-text-editor.elementor-drop-cap-view-stacked .elementor-drop-cap{background-color:#818a91;color:#fff}.elementor-widget-text-editor.elementor-drop-cap-view-framed .elementor-drop-cap{color:#818a91;border:3px solid;background-color:transparent}.elementor-widget-text-editor:not(.elementor-drop-cap-view-default) .elementor-drop-cap{margin-top:8px}.elementor-widget-text-editor:not(.elementor-drop-cap-view-default) .elementor-drop-cap-letter{width:1em;height:1em}.elementor-widget-text-editor .elementor-drop-cap{float:left;text-align:center;line-height:1;font-size:50px}.elementor-widget-text-editor .elementor-drop-cap-letter{display:inline-block}<\/style>\t\t\t\t<p><span style=\"font-weight: 400;\">Suscr\u00edbase ahora para recibir actualizaciones cuando nuestra oferta de programas est\u00e9 disponible.<\/span><\/p>\t\t\t\t\t\t<\/div>\n\t\t\t\t<\/div>\n\t\t\t\t<div class=\"elementor-element elementor-element-7f0e29d6 elementor-widget elementor-widget-premium-addon-modal-box\" data-id=\"7f0e29d6\" data-element_type=\"widget\" data-settings=\"{&quot;premium_modal_box_animation&quot;:&quot;slideInUp&quot;}\" data-widget_type=\"premium-addon-modal-box.default\">\n\t\t\t\t<div class=\"elementor-widget-container\">\n\t\t\t\r\n\t\t<div class=\"premium-modal-box-container\" data-settings=\"{&quot;trigger&quot;:&quot;button&quot;}\">\r\n\t\t\t<div class=\"premium-modal-trigger-container\">\r\n\t\t\t\t\t\t\t\t\t<button data-toggle=\"premium-modal\" data-target=\"#premium-modal-7f0e29d6\" type=\"button\" class=\"premium-modal-trigger-btn premium-btn-lg\">\r\n\t\t\t\t\t\t\t\t\t\t\t\t<span>Suscribete ahora<\/span>\r\n\t\t\t\t\t\t<i aria-hidden=\"true\" class=\"fas fa-bell\"><\/i>\t\t\t\t\t<\/button>\r\n\t\t\t\t\t\t\t<\/div>\r\n\r\n\t\t\t<div id=\"premium-modal-7f0e29d6\" class=\"premium-modal-box-modal\" role=\"dialog\" style=\"display: none\">\r\n\t\t\t\t<div class=\"premium-modal-box-modal-dialog\" data-delay-animation=\"\" data-modal-animation=\"slideInUp animated-fast\">\r\n\t\t\t\t\t\t\t\t\t\t<div class=\"premium-modal-box-modal-body\">\r\n\t\t\t\t\t\t<style>.elementor-1157 .elementor-element.elementor-element-238af467{text-align:center;}.elementor-1157 .elementor-element.elementor-element-238af467 .elementor-heading-title{color:var( --e-global-color-2e6c567 );font-family:\"Poppins\", Sans-serif;font-weight:normal;font-style:normal;line-height:1.2em;}.elementor-1157 .elementor-element.elementor-element-238af467 > .elementor-widget-container{margin:10px 50px 0px 0px;}.elementor-1157 .elementor-element.elementor-element-39991676 .eael-contact-form-7 .wpcf7-not-valid-tip{display:block !important;}.elementor-1157 .elementor-element.elementor-element-39991676 .eael-contact-form-7 .wpcf7-validation-errors{display:block !important;}.elementor-1157 .elementor-element.elementor-element-39991676 .eael-contact-form-7 .eael-contact-form-7-heading{text-align:left;}.elementor-1157 .elementor-element.elementor-element-39991676 .eael-contact-form-7 .wpcf7-form p:not(:last-of-type) .wpcf7-form-control-wrap{margin-bottom:0px;}.elementor-1157 .elementor-element.elementor-element-39991676 > .elementor-widget-container{padding:20px 20px 20px 20px;}@media(max-width:1024px){.elementor-1157 .elementor-element.elementor-element-238af467 .elementor-heading-title{font-size:24px;}}@media(max-width:767px){.elementor-1157 .elementor-element.elementor-element-238af467 .elementor-heading-title{font-size:20px;}}<\/style>\t\t<div data-elementor-type=\"section\" data-elementor-id=\"1157\" class=\"elementor elementor-1157\">\n\t\t\t\t\t\t\t\t\t<section class=\"elementor-section elementor-top-section elementor-element elementor-element-31e9ce24 elementor-section-boxed elementor-section-height-default elementor-section-height-default\" data-id=\"31e9ce24\" data-element_type=\"section\" data-settings=\"{&quot;_ha_eqh_enable&quot;:false}\">\n\t\t\t\t\t\t<div class=\"elementor-container elementor-column-gap-default\">\n\t\t\t\t\t<div class=\"elementor-column elementor-col-100 elementor-top-column elementor-element elementor-element-ffbff35\" data-id=\"ffbff35\" data-element_type=\"column\">\n\t\t\t<div class=\"elementor-widget-wrap elementor-element-populated\">\n\t\t\t\t\t\t\t\t<div class=\"elementor-element elementor-element-238af467 elementor-widget elementor-widget-heading\" data-id=\"238af467\" data-element_type=\"widget\" data-widget_type=\"heading.default\">\n\t\t\t\t<div class=\"elementor-widget-container\">\n\t\t\t<style>\/*! elementor - v3.7.0 - 08-08-2022 *\/\n.elementor-heading-title{padding:0;margin:0;line-height:1}.elementor-widget-heading .elementor-heading-title[class*=elementor-size-]>a{color:inherit;font-size:inherit;line-height:inherit}.elementor-widget-heading .elementor-heading-title.elementor-size-small{font-size:15px}.elementor-widget-heading .elementor-heading-title.elementor-size-medium{font-size:19px}.elementor-widget-heading .elementor-heading-title.elementor-size-large{font-size:29px}.elementor-widget-heading .elementor-heading-title.elementor-size-xl{font-size:39px}.elementor-widget-heading .elementor-heading-title.elementor-size-xxl{font-size:59px}<\/style><p class=\"elementor-heading-title elementor-size-medium\">Reg\u00edstrese ahora con su direcci\u00f3n de correo electr\u00f3nico para recibir noticias, recursos, eventos y actualizaciones<\/p>\t\t<\/div>\n\t\t\t\t<\/div>\n\t\t\t\t<div class=\"elementor-element elementor-element-39991676 eael-contact-form-7-button-align-center eael-contact-form-7-button-custom elementor-widget elementor-widget-eael-contact-form-7\" data-id=\"39991676\" data-element_type=\"widget\" data-widget_type=\"eael-contact-form-7.default\">\n\t\t\t\t<div class=\"elementor-widget-container\">\n\t\t\t<div class=\"eael-contact-form-7-wrapper\">\n                <div class=\"eael-contact-form eael-contact-form-7 eael-contact-form-39991676 placeholder-show eael-contact-form-align-default\"><div role=\"form\" class=\"wpcf7\" id=\"wpcf7-f1155-o1\" lang=\"en-US\" dir=\"ltr\">\n<div class=\"screen-reader-response\"><p role=\"status\" aria-live=\"polite\" aria-atomic=\"true\"><\/p> <ul><\/ul><\/div>\n<form action=\"\/es\/wp-json\/wp\/v2\/pages\/1111#wpcf7-f1155-o1\" method=\"post\" class=\"wpcf7-form init\" novalidate=\"novalidate\" data-status=\"init\" data-trp-original-action=\"\/es\/wp-json\/wp\/v2\/pages\/1111#wpcf7-f1155-o1\">\n<div style=\"display: none;\">\n<input type=\"hidden\" name=\"_wpcf7\" value=\"1155\" \/>\n<input type=\"hidden\" name=\"_wpcf7_version\" value=\"5.6.2\" \/>\n<input type=\"hidden\" name=\"_wpcf7_locale\" value=\"en_US\" \/>\n<input type=\"hidden\" name=\"_wpcf7_unit_tag\" value=\"wpcf7-f1155-o1\" \/>\n<input type=\"hidden\" name=\"_wpcf7_container_post\" value=\"0\" \/>\n<input type=\"hidden\" name=\"_wpcf7_posted_data_hash\" value=\"\" \/>\n<\/div>\n<p><label> Nombre<br \/>\n    <span class=\"wpcf7-form-control-wrap\" data-name=\"your-name\"><input type=\"text\" name=\"your-name\" value=\"\" size=\"40\" class=\"wpcf7-form-control wpcf7-text wpcf7-validates-as-required\" aria-required=\"true\" aria-invalid=\"false\" \/><\/span> <\/label><\/p>\n<p><label> Email<br \/>\n    <span class=\"wpcf7-form-control-wrap\" data-name=\"your-email\"><input type=\"email\" name=\"your-email\" value=\"\" size=\"40\" class=\"wpcf7-form-control wpcf7-text wpcf7-email wpcf7-validates-as-required wpcf7-validates-as-email\" aria-required=\"true\" aria-invalid=\"false\" \/><\/span> <\/label><\/p>\n<p><input type=\"submit\" value=\"Enviar\" class=\"wpcf7-form-control has-spinner wpcf7-submit\" \/><\/p>\n<div class=\"wpcf7-response-output\" aria-hidden=\"true\"><\/div><input type=\"hidden\" name=\"trp-form-language\" value=\"es\"\/><\/form><\/div><\/div>\n            <\/div>\t\t<\/div>\n\t\t\t\t<\/div>\n\t\t\t\t\t<\/div>\n\t\t<\/div>\n\t\t\t\t\t\t\t<\/div>\n\t\t<\/section>\n\t\t\t\t\t\t\t<\/div>\n\t\t\t\t\t\t\t<\/div>\r\n\t\t\t\t\t\t\t\t\t<\/div>\r\n\t\t\t<\/div>\r\n\t\t<\/div>\r\n\r\n\t\t\t\t<\/div>\n\t\t\t\t<\/div>\n\t\t\t\t\t<\/div>\n\t\t<\/div>\n\t\t\t\t\t\t\t<\/div>\n\t\t<\/section>\n\t\t\t\t\t<\/div>\n\t\t<\/div>\n\t\t\t\t\t\t\t<\/div>\n\t\t<\/section>\n\t\t\t\t\t\t\t<\/div>","protected":false},"excerpt":{"rendered":"<p>coming soon Subscribe now to get updates when our programs offer is available. Subscribe Now Sign up now with your email address to receive news, resources, and events updates. Your name Your email<\/p>","protected":false},"author":1,"featured_media":0,"parent":0,"menu_order":0,"comment_status":"closed","ping_status":"closed","template":"elementor_header_footer","meta":{"site-sidebar-layout":"no-sidebar","site-content-layout":"page-builder","ast-global-header-display":"","ast-main-header-display":"","ast-hfb-above-header-display":"","ast-hfb-below-header-display":"","ast-hfb-mobile-header-display":"","site-post-title":"disabled","ast-breadcrumbs-content":"","ast-featured-img":"disabled","footer-sml-layout":"","theme-transparent-header-meta":"","adv-header-id-meta":"","stick-header-meta":"","header-above-stick-meta":"","header-main-stick-meta":"","header-below-stick-meta":"","footnotes":""},"class_list":["post-1111","page","type-page","status-publish","hentry"],"yoast_head":"<!-- This site is optimized with the Yoast SEO plugin v27.4 - https:\/\/yoast.com\/product\/yoast-seo-wordpress\/ -->\n<title>Coming soon Employment skills support group\u00a0 - Strategic Solutions for Social Progress<\/title>\n<meta name=\"description\" content=\"Expansion Works Learning &amp; Project Management Inc. guides teams and leaders through facilitation, strategic design, and holistic learning for deeper growth and transformation.\" \/>\n<meta name=\"robots\" content=\"index, follow, max-snippet:-1, max-image-preview:large, max-video-preview:-1\" \/>\n<link rel=\"canonical\" href=\"https:\/\/expansionworks.ca\/es\/coming-soon-employment-skills-support-group\/\" \/>\n<meta property=\"og:locale\" content=\"es_ES\" \/>\n<meta property=\"og:type\" content=\"article\" \/>\n<meta property=\"og:title\" content=\"Coming soon Employment skills support group\u00a0 - Strategic Solutions for Social Progress\" \/>\n<meta property=\"og:description\" content=\"Expansion Works Learning &amp; Project Management Inc. guides teams and leaders through facilitation, strategic design, and holistic learning for deeper growth and transformation.\" \/>\n<meta property=\"og:url\" content=\"https:\/\/expansionworks.ca\/es\/coming-soon-employment-skills-support-group\/\" \/>\n<meta property=\"og:site_name\" content=\"Expansion Works Learning &amp; Project Management Inc.\" \/>\n<meta property=\"article:modified_time\" content=\"2022-05-14T18:57:42+00:00\" \/>\n<meta property=\"og:image\" content=\"https:\/\/expansionworks.ca\/wp-content\/uploads\/2022\/03\/Facilitation-1-taken-by-Bethan-Lodewyk.jpg\" \/>\n\t<meta property=\"og:image:width\" content=\"1500\" \/>\n\t<meta property=\"og:image:height\" content=\"1000\" \/>\n\t<meta property=\"og:image:type\" content=\"image\/jpeg\" \/>\n<meta name=\"twitter:card\" content=\"summary_large_image\" \/>\n<meta name=\"twitter:label1\" content=\"Tiempo de lectura\" \/>\n\t<meta name=\"twitter:data1\" content=\"1 minuto\" \/>\n<script type=\"application\/ld+json\" class=\"yoast-schema-graph\">{\"@context\":\"https:\\\/\\\/schema.org\",\"@graph\":[{\"@type\":\"WebPage\",\"@id\":\"https:\\\/\\\/expansionworks.ca\\\/coming-soon-employment-skills-support-group\\\/\",\"url\":\"https:\\\/\\\/expansionworks.ca\\\/coming-soon-employment-skills-support-group\\\/\",\"name\":\"Coming soon Employment skills support group\u00a0 - Strategic Solutions for Social Progress\",\"isPartOf\":{\"@id\":\"https:\\\/\\\/expansionworks.ca\\\/#website\"},\"datePublished\":\"2022-03-31T00:14:21+00:00\",\"dateModified\":\"2022-05-14T18:57:42+00:00\",\"description\":\"Expansion Works Learning & Project Management Inc. guides teams and leaders through facilitation, strategic design, and holistic learning for deeper growth and transformation.\",\"breadcrumb\":{\"@id\":\"https:\\\/\\\/expansionworks.ca\\\/coming-soon-employment-skills-support-group\\\/#breadcrumb\"},\"inLanguage\":\"es\",\"potentialAction\":[{\"@type\":\"ReadAction\",\"target\":[\"https:\\\/\\\/expansionworks.ca\\\/coming-soon-employment-skills-support-group\\\/\"]}]},{\"@type\":\"BreadcrumbList\",\"@id\":\"https:\\\/\\\/expansionworks.ca\\\/coming-soon-employment-skills-support-group\\\/#breadcrumb\",\"itemListElement\":[{\"@type\":\"ListItem\",\"position\":1,\"name\":\"Home\",\"item\":\"https:\\\/\\\/expansionworks.ca\\\/\"},{\"@type\":\"ListItem\",\"position\":2,\"name\":\"Coming soon Employment skills support group\u00a0\"}]},{\"@type\":\"WebSite\",\"@id\":\"https:\\\/\\\/expansionworks.ca\\\/#website\",\"url\":\"https:\\\/\\\/expansionworks.ca\\\/\",\"name\":\"Expansion Works Learning &amp; Project Management Inc.\",\"description\":\"Strategic Solutions for Social Progress\",\"publisher\":{\"@id\":\"https:\\\/\\\/expansionworks.ca\\\/#organization\"},\"potentialAction\":[{\"@type\":\"SearchAction\",\"target\":{\"@type\":\"EntryPoint\",\"urlTemplate\":\"https:\\\/\\\/expansionworks.ca\\\/?s={search_term_string}\"},\"query-input\":{\"@type\":\"PropertyValueSpecification\",\"valueRequired\":true,\"valueName\":\"search_term_string\"}}],\"inLanguage\":\"es\"},{\"@type\":\"Organization\",\"@id\":\"https:\\\/\\\/expansionworks.ca\\\/#organization\",\"name\":\"Expansion Works Learning and Project Management Inc.\",\"url\":\"https:\\\/\\\/expansionworks.ca\\\/\",\"logo\":{\"@type\":\"ImageObject\",\"inLanguage\":\"es\",\"@id\":\"https:\\\/\\\/expansionworks.ca\\\/#\\\/schema\\\/logo\\\/image\\\/\",\"url\":\"https:\\\/\\\/expansionworks.ca\\\/wp-content\\\/uploads\\\/2022\\\/03\\\/Logo-1-Expansion-Works-32222.png\",\"contentUrl\":\"https:\\\/\\\/expansionworks.ca\\\/wp-content\\\/uploads\\\/2022\\\/03\\\/Logo-1-Expansion-Works-32222.png\",\"width\":220,\"height\":184,\"caption\":\"Expansion Works Learning and Project Management Inc.\"},\"image\":{\"@id\":\"https:\\\/\\\/expansionworks.ca\\\/#\\\/schema\\\/logo\\\/image\\\/\"},\"sameAs\":[\"https:\\\/\\\/www.instagram.com\\\/expansionworks?igsh=cHR2YzYwNmRmcG14\",\"https:\\\/\\\/ca.linkedin.com\\\/company\\\/expansionworkslearning\"]}]}<\/script>\n<!-- \/ Yoast SEO plugin. -->","yoast_head_json":{"title":"Coming soon Employment skills support group\u00a0 - Strategic Solutions for Social Progress","description":"Expansion Works Learning & Project Management Inc. guides teams and leaders through facilitation, strategic design, and holistic learning for deeper growth and transformation.","robots":{"index":"index","follow":"follow","max-snippet":"max-snippet:-1","max-image-preview":"max-image-preview:large","max-video-preview":"max-video-preview:-1"},"canonical":"https:\/\/expansionworks.ca\/es\/coming-soon-employment-skills-support-group\/","og_locale":"es_ES","og_type":"article","og_title":"Coming soon Employment skills support group\u00a0 - Strategic Solutions for Social Progress","og_description":"Expansion Works Learning & Project Management Inc. guides teams and leaders through facilitation, strategic design, and holistic learning for deeper growth and transformation.","og_url":"https:\/\/expansionworks.ca\/es\/coming-soon-employment-skills-support-group\/","og_site_name":"Expansion Works Learning &amp; Project Management Inc.","article_modified_time":"2022-05-14T18:57:42+00:00","og_image":[{"width":1500,"height":1000,"url":"https:\/\/expansionworks.ca\/wp-content\/uploads\/2022\/03\/Facilitation-1-taken-by-Bethan-Lodewyk.jpg","type":"image\/jpeg"}],"twitter_card":"summary_large_image","twitter_misc":{"Tiempo de lectura":"1 minuto"},"schema":{"@context":"https:\/\/schema.org","@graph":[{"@type":"WebPage","@id":"https:\/\/expansionworks.ca\/coming-soon-employment-skills-support-group\/","url":"https:\/\/expansionworks.ca\/coming-soon-employment-skills-support-group\/","name":"Coming soon Employment skills support group\u00a0 - Strategic Solutions for Social Progress","isPartOf":{"@id":"https:\/\/expansionworks.ca\/#website"},"datePublished":"2022-03-31T00:14:21+00:00","dateModified":"2022-05-14T18:57:42+00:00","description":"Expansion Works Learning & Project Management Inc. guides teams and leaders through facilitation, strategic design, and holistic learning for deeper growth and transformation.","breadcrumb":{"@id":"https:\/\/expansionworks.ca\/coming-soon-employment-skills-support-group\/#breadcrumb"},"inLanguage":"es","potentialAction":[{"@type":"ReadAction","target":["https:\/\/expansionworks.ca\/coming-soon-employment-skills-support-group\/"]}]},{"@type":"BreadcrumbList","@id":"https:\/\/expansionworks.ca\/coming-soon-employment-skills-support-group\/#breadcrumb","itemListElement":[{"@type":"ListItem","position":1,"name":"Home","item":"https:\/\/expansionworks.ca\/"},{"@type":"ListItem","position":2,"name":"Coming soon Employment skills support group\u00a0"}]},{"@type":"WebSite","@id":"https:\/\/expansionworks.ca\/#website","url":"https:\/\/expansionworks.ca\/","name":"Expansion Works Learning &amp; Project Management Inc.","description":"Strategic Solutions for Social Progress","publisher":{"@id":"https:\/\/expansionworks.ca\/#organization"},"potentialAction":[{"@type":"SearchAction","target":{"@type":"EntryPoint","urlTemplate":"https:\/\/expansionworks.ca\/?s={search_term_string}"},"query-input":{"@type":"PropertyValueSpecification","valueRequired":true,"valueName":"search_term_string"}}],"inLanguage":"es"},{"@type":"Organization","@id":"https:\/\/expansionworks.ca\/#organization","name":"Expansion Works Learning and Project Management Inc.","url":"https:\/\/expansionworks.ca\/","logo":{"@type":"ImageObject","inLanguage":"es","@id":"https:\/\/expansionworks.ca\/#\/schema\/logo\/image\/","url":"https:\/\/expansionworks.ca\/wp-content\/uploads\/2022\/03\/Logo-1-Expansion-Works-32222.png","contentUrl":"https:\/\/expansionworks.ca\/wp-content\/uploads\/2022\/03\/Logo-1-Expansion-Works-32222.png","width":220,"height":184,"caption":"Expansion Works Learning and Project Management Inc."},"image":{"@id":"https:\/\/expansionworks.ca\/#\/schema\/logo\/image\/"},"sameAs":["https:\/\/www.instagram.com\/expansionworks?igsh=cHR2YzYwNmRmcG14","https:\/\/ca.linkedin.com\/company\/expansionworkslearning"]}]}},"_links":{"self":[{"href":"https:\/\/expansionworks.ca\/es\/wp-json\/wp\/v2\/pages\/1111","targetHints":{"allow":["GET"]}}],"collection":[{"href":"https:\/\/expansionworks.ca\/es\/wp-json\/wp\/v2\/pages"}],"about":[{"href":"https:\/\/expansionworks.ca\/es\/wp-json\/wp\/v2\/types\/page"}],"author":[{"embeddable":true,"href":"https:\/\/expansionworks.ca\/es\/wp-json\/wp\/v2\/users\/1"}],"replies":[{"embeddable":true,"href":"https:\/\/expansionworks.ca\/es\/wp-json\/wp\/v2\/comments?post=1111"}],"version-history":[{"count":31,"href":"https:\/\/expansionworks.ca\/es\/wp-json\/wp\/v2\/pages\/1111\/revisions"}],"predecessor-version":[{"id":1351,"href":"https:\/\/expansionworks.ca\/es\/wp-json\/wp\/v2\/pages\/1111\/revisions\/1351"}],"wp:attachment":[{"href":"https:\/\/expansionworks.ca\/es\/wp-json\/wp\/v2\/media?parent=1111"}],"curies":[{"name":"wp","href":"https:\/\/api.w.org\/{rel}","templated":true}]}}