{"id":1311,"date":"2022-05-13T17:28:43","date_gmt":"2022-05-13T17:28:43","guid":{"rendered":"https:\/\/expansionworks.ca\/?page_id=1311"},"modified":"2022-05-13T17:34:14","modified_gmt":"2022-05-13T17:34:14","slug":"one-on-one-coaching-2","status":"publish","type":"page","link":"https:\/\/expansionworks.ca\/es\/one-on-one-coaching-2\/","title":{"rendered":"Entrenamiento persona a persona"},"content":{"rendered":"<div data-elementor-type=\"wp-page\" data-elementor-id=\"1311\" class=\"elementor elementor-1311\">\n\t\t\t\t\t\t\t\t\t<section class=\"elementor-section elementor-top-section elementor-element elementor-element-7cf5b4a3 elementor-section-full_width elementor-section-height-min-height elementor-section-height-default elementor-section-items-middle\" data-id=\"7cf5b4a3\" data-element_type=\"section\" data-settings=\"{&quot;background_background&quot;:&quot;classic&quot;,&quot;_ha_eqh_enable&quot;:false}\">\n\t\t\t\t\t\t\t<div class=\"elementor-background-overlay\"><\/div>\n\t\t\t\t\t\t\t<div class=\"elementor-container elementor-column-gap-default\">\n\t\t\t\t\t<div class=\"elementor-column elementor-col-100 elementor-top-column elementor-element elementor-element-676b4fe4\" data-id=\"676b4fe4\" data-element_type=\"column\">\n\t\t\t<div class=\"elementor-widget-wrap elementor-element-populated\">\n\t\t\t\t\t\t\t\t<div class=\"elementor-element elementor-element-4658a0e1 elementor-widget elementor-widget-heading\" data-id=\"4658a0e1\" data-element_type=\"widget\" data-widget_type=\"heading.default\">\n\t\t\t\t<div class=\"elementor-widget-container\">\n\t\t\t<style>\/*! elementor - v3.7.0 - 08-08-2022 *\/\n.elementor-heading-title{padding:0;margin:0;line-height:1}.elementor-widget-heading .elementor-heading-title[class*=elementor-size-]>a{color:inherit;font-size:inherit;line-height:inherit}.elementor-widget-heading .elementor-heading-title.elementor-size-small{font-size:15px}.elementor-widget-heading .elementor-heading-title.elementor-size-medium{font-size:19px}.elementor-widget-heading .elementor-heading-title.elementor-size-large{font-size:29px}.elementor-widget-heading .elementor-heading-title.elementor-size-xl{font-size:39px}.elementor-widget-heading .elementor-heading-title.elementor-size-xxl{font-size:59px}<\/style><h2 class=\"elementor-heading-title elementor-size-xxl\">Entrenamiento persona a persona<\/h2>\t\t<\/div>\n\t\t\t\t<\/div>\n\t\t\t\t\t<\/div>\n\t\t<\/div>\n\t\t\t\t\t\t\t<\/div>\n\t\t<\/section>\n\t\t\t\t<section class=\"elementor-section elementor-top-section elementor-element elementor-element-663a9004 elementor-section-stretched elementor-section-boxed elementor-section-height-default elementor-section-height-default\" data-id=\"663a9004\" data-element_type=\"section\" data-settings=\"{&quot;stretch_section&quot;:&quot;section-stretched&quot;,&quot;_ha_eqh_enable&quot;:false}\">\n\t\t\t\t\t\t<div class=\"elementor-container elementor-column-gap-default\">\n\t\t\t\t\t<div class=\"elementor-column elementor-col-100 elementor-top-column elementor-element elementor-element-1fe82239\" data-id=\"1fe82239\" data-element_type=\"column\">\n\t\t\t<div class=\"elementor-widget-wrap elementor-element-populated\">\n\t\t\t\t\t\t\t\t<section class=\"elementor-section elementor-inner-section elementor-element elementor-element-2fab3727 elementor-section-content-middle elementor-section-boxed elementor-section-height-default elementor-section-height-default\" data-id=\"2fab3727\" data-element_type=\"section\" data-settings=\"{&quot;_ha_eqh_enable&quot;:false}\">\n\t\t\t\t\t\t<div class=\"elementor-container elementor-column-gap-default\">\n\t\t\t\t\t<div class=\"elementor-column elementor-col-33 elementor-inner-column elementor-element elementor-element-36747be6\" data-id=\"36747be6\" data-element_type=\"column\">\n\t\t\t<div class=\"elementor-widget-wrap elementor-element-populated\">\n\t\t\t\t\t\t\t\t<div class=\"elementor-element elementor-element-25e92bf premium-pricing-features-center elementor-widget elementor-widget-premium-addon-pricing-table\" data-id=\"25e92bf\" data-element_type=\"widget\" data-settings=\"{&quot;_animation_tablet&quot;:&quot;none&quot;,&quot;_animation_mobile&quot;:&quot;none&quot;}\" data-widget_type=\"premium-addon-pricing-table.default\">\n\t\t\t\t<div class=\"elementor-widget-container\">\n\t\t\t\r\n\t<div class=\"premium-pricing-table-container\">\r\n\t\t\t\t\t<div class=\"premium-pricing-badge-container premium-badge-right premium-badge-stripe\">\r\n\t\t\t\t<div class=\"corner\">\r\n\t\t\t\t\t<span >\r\n\t\t\t\t\t\t20% de descuento\t\t\t\t\t<\/span>\r\n\t\t\t\t<\/div>\r\n\t\t\t<\/div>\r\n\t\t\t\t\t\t<div class=\"premium-pricing-icon-container\">\r\n\t\t\t\t\t\t\t\t\t\t\t\t\t<i aria-hidden=\"true\" class=\"fas fa-shopping-cart\"><\/i>\t\t\t\t\t\t\t<\/div>\r\n\t\t\t\t\t\t<h3 class=\"premium-pricing-table-title\">\r\n\t\t\t\tSesi\u00f3n \u00fanica\t\t\t<\/h3>\r\n\t\t\t\t\t\t<div class=\"premium-pricing-price-container\">\r\n\r\n\t\t\t\t\t\t\t<strike class=\"premium-pricing-slashed-price-value\">\r\n\t\t\t\t\t180\t\t\t\t<\/strike>\r\n\t\t\t\r\n\t\t\t\t\t\t\t<span class=\"premium-pricing-price-currency\">\r\n\t\t\t\t\t$\t\t\t\t<\/span>\r\n\t\t\t\r\n\t\t\t\t\t\t\t<span class=\"premium-pricing-price-value\">\r\n\t\t\t\t\t144\t\t\t\t<\/span>\r\n\t\t\t\r\n\t\t\t\r\n\t\t\t\t\t<\/div>\r\n\t\t\t\t\t\t<ul class=\"premium-pricing-list\">\r\n\t\t\t\t\t\t\t\t\t\t\t<li class=\"elementor-repeater-item-7f67a2c premium-pricing-list-item\">\r\n\t\t\t\t\t\t\t\t\t\t\t\t\t\t\t\t\t\t\t\t\t\t\t\r\n\t\t\t\t\t\t\t\t\t\t\t\t<\/li>\r\n\t\t\t\t\t\t\t\t\t<\/ul>\r\n\t\t\t\t\t\t\t<div class=\"premium-pricing-description-container\">\r\n\t\t\t\t<p>Sugerido para necesidades puntuales de retroalimentaci\u00f3n o tormenta de ideas relacionadas pero no limitado a: Gesti\u00f3n de proyectos, Redacci\u00f3n de curr\u00edculums o practicas para entrevistas. Opci\u00f3n disponible para hacer 2 sesiones de 30 min.<\/p>\t\t\t<\/div>\r\n\t\t\t\t\t\t<div class=\"premium-pricing-button-container\">\r\n\t\t\t<a class=\"premium-pricing-price-button\" href=\"https:\/\/expansionworks.ca\/es\/shop\/one-on-one-coaching-single-session\/\">\r\n\t\t\t\tComprar\t\t\t<\/a>\r\n\t\t<\/div>\r\n\t\t\t<\/div>\r\n\r\n\t\t\t\t<\/div>\n\t\t\t\t<\/div>\n\t\t\t\t\t<\/div>\n\t\t<\/div>\n\t\t\t\t<div class=\"elementor-column elementor-col-33 elementor-inner-column elementor-element elementor-element-5bde5d89\" data-id=\"5bde5d89\" data-element_type=\"column\">\n\t\t\t<div class=\"elementor-widget-wrap elementor-element-populated\">\n\t\t\t\t\t\t\t\t<div class=\"elementor-element elementor-element-42a6e35d premium-pricing-features-center elementor-widget elementor-widget-premium-addon-pricing-table\" data-id=\"42a6e35d\" data-element_type=\"widget\" data-settings=\"{&quot;_animation_tablet&quot;:&quot;none&quot;,&quot;_animation_mobile&quot;:&quot;none&quot;}\" data-widget_type=\"premium-addon-pricing-table.default\">\n\t\t\t\t<div class=\"elementor-widget-container\">\n\t\t\t\r\n\t<div class=\"premium-pricing-table-container\">\r\n\t\t\t\t\t<div class=\"premium-pricing-badge-container premium-badge-right premium-badge-stripe\">\r\n\t\t\t\t<div class=\"corner\">\r\n\t\t\t\t\t<span >\r\n\t\t\t\t\t\t20% de descuento\t\t\t\t\t<\/span>\r\n\t\t\t\t<\/div>\r\n\t\t\t<\/div>\r\n\t\t\t\t\t\t<div class=\"premium-pricing-icon-container\">\r\n\t\t\t\t\t\t\t\t\t\t\t\t\t<i aria-hidden=\"true\" class=\"fas fa-shopping-cart\"><\/i>\t\t\t\t\t\t\t<\/div>\r\n\t\t\t\t\t\t<h3 class=\"premium-pricing-table-title\">\r\n\t\t\t\tPaquete: Desaf\u00edo espec\u00edfico\t\t\t<\/h3>\r\n\t\t\t\t\t\t<div class=\"premium-pricing-price-container\">\r\n\r\n\t\t\t\t\t\t\t<strike class=\"premium-pricing-slashed-price-value\">\r\n\t\t\t\t\t500\t\t\t\t<\/strike>\r\n\t\t\t\r\n\t\t\t\t\t\t\t<span class=\"premium-pricing-price-currency\">\r\n\t\t\t\t\t$\t\t\t\t<\/span>\r\n\t\t\t\r\n\t\t\t\t\t\t\t<span class=\"premium-pricing-price-value\">\r\n\t\t\t\t\t400\t\t\t\t<\/span>\r\n\t\t\t\r\n\t\t\t\r\n\t\t\t\t\t<\/div>\r\n\t\t\t\t\t\t<ul class=\"premium-pricing-list\">\r\n\t\t\t\t\t\t\t\t\t\t\t<li class=\"elementor-repeater-item-7f67a2c premium-pricing-list-item\">\r\n\t\t\t\t\t\t\t\t\t\t\t\t\t\t\t\t\t\t\t\t\t\t\t\r\n\t\t\t\t\t\t\t\t\t\t\t\t<\/li>\r\n\t\t\t\t\t\t\t\t\t<\/ul>\r\n\t\t\t\t\t\t\t<div class=\"premium-pricing-description-container\">\r\n\t\t\t\t<p>Incluye 3 sesiones en un periodo de 1 mes. Enfoque en el desaf\u00edo profesional o personal m\u00e1s apremiante.<\/p>\t\t\t<\/div>\r\n\t\t\t\t\t\t<div class=\"premium-pricing-button-container\">\r\n\t\t\t<a class=\"premium-pricing-price-button\" href=\"https:\/\/expansionworks.ca\/es\/shop\/challenge-specific-package\/\">\r\n\t\t\t\tComprar\t\t\t<\/a>\r\n\t\t<\/div>\r\n\t\t\t<\/div>\r\n\r\n\t\t\t\t<\/div>\n\t\t\t\t<\/div>\n\t\t\t\t\t<\/div>\n\t\t<\/div>\n\t\t\t\t<div class=\"elementor-column elementor-col-33 elementor-inner-column elementor-element elementor-element-57f89b06\" data-id=\"57f89b06\" data-element_type=\"column\">\n\t\t\t<div class=\"elementor-widget-wrap elementor-element-populated\">\n\t\t\t\t\t\t\t\t<div class=\"elementor-element elementor-element-21baec2a premium-pricing-features-center elementor-widget elementor-widget-premium-addon-pricing-table\" data-id=\"21baec2a\" data-element_type=\"widget\" data-settings=\"{&quot;_animation_tablet&quot;:&quot;none&quot;,&quot;_animation_mobile&quot;:&quot;none&quot;}\" data-widget_type=\"premium-addon-pricing-table.default\">\n\t\t\t\t<div class=\"elementor-widget-container\">\n\t\t\t\r\n\t<div class=\"premium-pricing-table-container\">\r\n\t\t\t\t\t<div class=\"premium-pricing-badge-container premium-badge-right premium-badge-stripe\">\r\n\t\t\t\t<div class=\"corner\">\r\n\t\t\t\t\t<span >\r\n\t\t\t\t\t\t20% de descuento\t\t\t\t\t<\/span>\r\n\t\t\t\t<\/div>\r\n\t\t\t<\/div>\r\n\t\t\t\t\t\t<div class=\"premium-pricing-icon-container\">\r\n\t\t\t\t\t\t\t\t\t\t\t\t\t<i aria-hidden=\"true\" class=\"fas fa-shopping-cart\"><\/i>\t\t\t\t\t\t\t<\/div>\r\n\t\t\t\t\t\t<h3 class=\"premium-pricing-table-title\">\r\n\t\t\t\tPaquete: Intervenci\u00f3n Expansiva\t\t\t<\/h3>\r\n\t\t\t\t\t\t<div class=\"premium-pricing-price-container\">\r\n\r\n\t\t\t\t\t\t\t<strike class=\"premium-pricing-slashed-price-value\">\r\n\t\t\t\t\t1200\t\t\t\t<\/strike>\r\n\t\t\t\r\n\t\t\t\t\t\t\t<span class=\"premium-pricing-price-currency\">\r\n\t\t\t\t\t$\t\t\t\t<\/span>\r\n\t\t\t\r\n\t\t\t\t\t\t\t<span class=\"premium-pricing-price-value\">\r\n\t\t\t\t\t960\t\t\t\t<\/span>\r\n\t\t\t\r\n\t\t\t\r\n\t\t\t\t\t<\/div>\r\n\t\t\t\t\t\t<ul class=\"premium-pricing-list\">\r\n\t\t\t\t\t\t\t\t\t\t\t<li class=\"elementor-repeater-item-7f67a2c premium-pricing-list-item\">\r\n\t\t\t\t\t\t\t\t\t\t\t\t\t\t\t\t\t\t\t\t\t\t\t\r\n\t\t\t\t\t\t\t\t\t\t\t\t<\/li>\r\n\t\t\t\t\t\t\t\t\t<\/ul>\r\n\t\t\t\t\t\t\t<div class=\"premium-pricing-description-container\">\r\n\t\t\t\t<p>Incluye 8 sesiones\/3 meses de coaching privado. Recomendado para un trabajo profundo en desarrollo personal, liderazgo, abordaje de m\u00faltiples desaf\u00edos, tutor\u00eda o planificaci\u00f3n de carrera.<\/p>\t\t\t<\/div>\r\n\t\t\t\t\t\t<div class=\"premium-pricing-button-container\">\r\n\t\t\t<a class=\"premium-pricing-price-button\" href=\"https:\/\/expansionworks.ca\/es\/shop\/expansive-intervention-package\/\">\r\n\t\t\t\tComprar\t\t\t<\/a>\r\n\t\t<\/div>\r\n\t\t\t<\/div>\r\n\r\n\t\t\t\t<\/div>\n\t\t\t\t<\/div>\n\t\t\t\t\t<\/div>\n\t\t<\/div>\n\t\t\t\t\t\t\t<\/div>\n\t\t<\/section>\n\t\t\t\t<div class=\"elementor-element elementor-element-72f20f1a elementor-align-left elementor-mobile-align-center elementor-widget elementor-widget-button\" data-id=\"72f20f1a\" data-element_type=\"widget\" data-widget_type=\"button.default\">\n\t\t\t\t<div class=\"elementor-widget-container\">\n\t\t\t\t\t<div class=\"elementor-button-wrapper\">\n\t\t\t<a href=\"https:\/\/calendly.com\/expansionworks\" class=\"elementor-button-link elementor-button elementor-size-xl\" role=\"button\">\n\t\t\t\t\t\t<span class=\"elementor-button-content-wrapper\">\n\t\t\t\t\t\t\t<span class=\"elementor-button-icon elementor-align-icon-left\">\n\t\t\t\t<i aria-hidden=\"true\" class=\"fas fa-angle-right\"><\/i>\t\t\t<\/span>\n\t\t\t\t\t\t<span class=\"elementor-button-text\">\u00bfPensando en obtener uno de nuestros paquetes coaching? Has click AQU\u00cd para reservar tu llamada gratuita de 20 minutos sin compromiso.<\/span>\n\t\t<\/span>\n\t\t\t\t\t<\/a>\n\t\t<\/div>\n\t\t\t\t<\/div>\n\t\t\t\t<\/div>\n\t\t\t\t<div class=\"elementor-element elementor-element-2dc7ea66 elementor-widget elementor-widget-heading\" data-id=\"2dc7ea66\" data-element_type=\"widget\" data-widget_type=\"heading.default\">\n\t\t\t\t<div class=\"elementor-widget-container\">\n\t\t\t<h2 class=\"elementor-heading-title elementor-size-default\">Nota: la llamada gratuita de 20 min solo est\u00e1 disponible para paquetes. Si est\u00e1 interesado en una sola sesi\u00f3n, por favor utilice la opci\u00f3n comprar, incluida en cada paquete. <\/h2>\t\t<\/div>\n\t\t\t\t<\/div>\n\t\t\t\t\t<\/div>\n\t\t<\/div>\n\t\t\t\t\t\t\t<\/div>\n\t\t<\/section>\n\t\t\t\t\t\t\t<\/div>","protected":false},"excerpt":{"rendered":"<p>One-on-one coaching 20% off! Single session 180 $ 144 For feedback or brainstorming needs related but not limited to project management, resume writing, or interview skills. Option available to split it into 2 smaller sessions. Get Started 20% off! Challenge-specific package 500 $ 400 Includes 3 sessions over a period of 1 month. Focus on &hellip;<\/p>\n<p class=\"read-more\"> <a class=\"\" href=\"https:\/\/expansionworks.ca\/es\/one-on-one-coaching-2\/\"> <span class=\"screen-reader-text\">Entrenamiento persona a persona<\/span> Leer m\u00e1s &raquo;<\/a><\/p>","protected":false},"author":1,"featured_media":0,"parent":0,"menu_order":0,"comment_status":"closed","ping_status":"closed","template":"elementor_header_footer","meta":{"site-sidebar-layout":"no-sidebar","site-content-layout":"page-builder","ast-global-header-display":"","ast-main-header-display":"","ast-hfb-above-header-display":"","ast-hfb-below-header-display":"","ast-hfb-mobile-header-display":"","site-post-title":"disabled","ast-breadcrumbs-content":"","ast-featured-img":"disabled","footer-sml-layout":"","theme-transparent-header-meta":"","adv-header-id-meta":"","stick-header-meta":"","header-above-stick-meta":"","header-main-stick-meta":"","header-below-stick-meta":"","footnotes":""},"class_list":["post-1311","page","type-page","status-publish","hentry"],"yoast_head":"<!-- This site is optimized with the Yoast SEO plugin v27.4 - https:\/\/yoast.com\/product\/yoast-seo-wordpress\/ -->\n<title>One-on-one coaching - Strategic Solutions for Social Progress<\/title>\n<meta name=\"description\" content=\"Expansion Works Learning &amp; Project Management Inc. guides teams and leaders through facilitation, strategic design, and holistic learning for deeper growth and transformation.\" \/>\n<meta name=\"robots\" content=\"index, follow, max-snippet:-1, max-image-preview:large, max-video-preview:-1\" \/>\n<link rel=\"canonical\" href=\"https:\/\/expansionworks.ca\/es\/one-on-one-coaching-2\/\" \/>\n<meta property=\"og:locale\" content=\"es_ES\" \/>\n<meta property=\"og:type\" content=\"article\" \/>\n<meta property=\"og:title\" content=\"One-on-one coaching - Strategic Solutions for Social Progress\" \/>\n<meta property=\"og:description\" content=\"Expansion Works Learning &amp; Project Management Inc. guides teams and leaders through facilitation, strategic design, and holistic learning for deeper growth and transformation.\" \/>\n<meta property=\"og:url\" content=\"https:\/\/expansionworks.ca\/es\/one-on-one-coaching-2\/\" \/>\n<meta property=\"og:site_name\" content=\"Expansion Works Learning &amp; Project Management Inc.\" \/>\n<meta property=\"article:modified_time\" content=\"2022-05-13T17:34:14+00:00\" \/>\n<meta property=\"og:image\" content=\"https:\/\/expansionworks.ca\/wp-content\/uploads\/2022\/03\/Facilitation-1-taken-by-Bethan-Lodewyk.jpg\" \/>\n\t<meta property=\"og:image:width\" content=\"1500\" \/>\n\t<meta property=\"og:image:height\" content=\"1000\" \/>\n\t<meta property=\"og:image:type\" content=\"image\/jpeg\" \/>\n<meta name=\"twitter:card\" content=\"summary_large_image\" \/>\n<meta name=\"twitter:label1\" content=\"Tiempo de lectura\" \/>\n\t<meta name=\"twitter:data1\" content=\"1 minuto\" \/>\n<script type=\"application\/ld+json\" class=\"yoast-schema-graph\">{\"@context\":\"https:\\\/\\\/schema.org\",\"@graph\":[{\"@type\":\"WebPage\",\"@id\":\"https:\\\/\\\/expansionworks.ca\\\/one-on-one-coaching-2\\\/\",\"url\":\"https:\\\/\\\/expansionworks.ca\\\/one-on-one-coaching-2\\\/\",\"name\":\"One-on-one coaching - Strategic Solutions for Social Progress\",\"isPartOf\":{\"@id\":\"https:\\\/\\\/expansionworks.ca\\\/#website\"},\"datePublished\":\"2022-05-13T17:28:43+00:00\",\"dateModified\":\"2022-05-13T17:34:14+00:00\",\"description\":\"Expansion Works Learning & Project Management Inc. guides teams and leaders through facilitation, strategic design, and holistic learning for deeper growth and transformation.\",\"breadcrumb\":{\"@id\":\"https:\\\/\\\/expansionworks.ca\\\/one-on-one-coaching-2\\\/#breadcrumb\"},\"inLanguage\":\"es\",\"potentialAction\":[{\"@type\":\"ReadAction\",\"target\":[\"https:\\\/\\\/expansionworks.ca\\\/one-on-one-coaching-2\\\/\"]}]},{\"@type\":\"BreadcrumbList\",\"@id\":\"https:\\\/\\\/expansionworks.ca\\\/one-on-one-coaching-2\\\/#breadcrumb\",\"itemListElement\":[{\"@type\":\"ListItem\",\"position\":1,\"name\":\"Home\",\"item\":\"https:\\\/\\\/expansionworks.ca\\\/\"},{\"@type\":\"ListItem\",\"position\":2,\"name\":\"One-on-one coaching\"}]},{\"@type\":\"WebSite\",\"@id\":\"https:\\\/\\\/expansionworks.ca\\\/#website\",\"url\":\"https:\\\/\\\/expansionworks.ca\\\/\",\"name\":\"Expansion Works Learning &amp; Project Management Inc.\",\"description\":\"Strategic Solutions for Social Progress\",\"publisher\":{\"@id\":\"https:\\\/\\\/expansionworks.ca\\\/#organization\"},\"potentialAction\":[{\"@type\":\"SearchAction\",\"target\":{\"@type\":\"EntryPoint\",\"urlTemplate\":\"https:\\\/\\\/expansionworks.ca\\\/?s={search_term_string}\"},\"query-input\":{\"@type\":\"PropertyValueSpecification\",\"valueRequired\":true,\"valueName\":\"search_term_string\"}}],\"inLanguage\":\"es\"},{\"@type\":\"Organization\",\"@id\":\"https:\\\/\\\/expansionworks.ca\\\/#organization\",\"name\":\"Expansion Works Learning and Project Management Inc.\",\"url\":\"https:\\\/\\\/expansionworks.ca\\\/\",\"logo\":{\"@type\":\"ImageObject\",\"inLanguage\":\"es\",\"@id\":\"https:\\\/\\\/expansionworks.ca\\\/#\\\/schema\\\/logo\\\/image\\\/\",\"url\":\"https:\\\/\\\/expansionworks.ca\\\/wp-content\\\/uploads\\\/2022\\\/03\\\/Logo-1-Expansion-Works-32222.png\",\"contentUrl\":\"https:\\\/\\\/expansionworks.ca\\\/wp-content\\\/uploads\\\/2022\\\/03\\\/Logo-1-Expansion-Works-32222.png\",\"width\":220,\"height\":184,\"caption\":\"Expansion Works Learning and Project Management Inc.\"},\"image\":{\"@id\":\"https:\\\/\\\/expansionworks.ca\\\/#\\\/schema\\\/logo\\\/image\\\/\"},\"sameAs\":[\"https:\\\/\\\/www.instagram.com\\\/expansionworks?igsh=cHR2YzYwNmRmcG14\",\"https:\\\/\\\/ca.linkedin.com\\\/company\\\/expansionworkslearning\"]}]}<\/script>\n<!-- \/ Yoast SEO plugin. -->","yoast_head_json":{"title":"One-on-one coaching - Strategic Solutions for Social Progress","description":"Expansion Works Learning & Project Management Inc. guides teams and leaders through facilitation, strategic design, and holistic learning for deeper growth and transformation.","robots":{"index":"index","follow":"follow","max-snippet":"max-snippet:-1","max-image-preview":"max-image-preview:large","max-video-preview":"max-video-preview:-1"},"canonical":"https:\/\/expansionworks.ca\/es\/one-on-one-coaching-2\/","og_locale":"es_ES","og_type":"article","og_title":"One-on-one coaching - Strategic Solutions for Social Progress","og_description":"Expansion Works Learning & Project Management Inc. guides teams and leaders through facilitation, strategic design, and holistic learning for deeper growth and transformation.","og_url":"https:\/\/expansionworks.ca\/es\/one-on-one-coaching-2\/","og_site_name":"Expansion Works Learning &amp; Project Management Inc.","article_modified_time":"2022-05-13T17:34:14+00:00","og_image":[{"width":1500,"height":1000,"url":"https:\/\/expansionworks.ca\/wp-content\/uploads\/2022\/03\/Facilitation-1-taken-by-Bethan-Lodewyk.jpg","type":"image\/jpeg"}],"twitter_card":"summary_large_image","twitter_misc":{"Tiempo de lectura":"1 minuto"},"schema":{"@context":"https:\/\/schema.org","@graph":[{"@type":"WebPage","@id":"https:\/\/expansionworks.ca\/one-on-one-coaching-2\/","url":"https:\/\/expansionworks.ca\/one-on-one-coaching-2\/","name":"One-on-one coaching - Strategic Solutions for Social Progress","isPartOf":{"@id":"https:\/\/expansionworks.ca\/#website"},"datePublished":"2022-05-13T17:28:43+00:00","dateModified":"2022-05-13T17:34:14+00:00","description":"Expansion Works Learning & Project Management Inc. guides teams and leaders through facilitation, strategic design, and holistic learning for deeper growth and transformation.","breadcrumb":{"@id":"https:\/\/expansionworks.ca\/one-on-one-coaching-2\/#breadcrumb"},"inLanguage":"es","potentialAction":[{"@type":"ReadAction","target":["https:\/\/expansionworks.ca\/one-on-one-coaching-2\/"]}]},{"@type":"BreadcrumbList","@id":"https:\/\/expansionworks.ca\/one-on-one-coaching-2\/#breadcrumb","itemListElement":[{"@type":"ListItem","position":1,"name":"Home","item":"https:\/\/expansionworks.ca\/"},{"@type":"ListItem","position":2,"name":"One-on-one coaching"}]},{"@type":"WebSite","@id":"https:\/\/expansionworks.ca\/#website","url":"https:\/\/expansionworks.ca\/","name":"Expansion Works Learning &amp; Project Management Inc.","description":"Strategic Solutions for Social Progress","publisher":{"@id":"https:\/\/expansionworks.ca\/#organization"},"potentialAction":[{"@type":"SearchAction","target":{"@type":"EntryPoint","urlTemplate":"https:\/\/expansionworks.ca\/?s={search_term_string}"},"query-input":{"@type":"PropertyValueSpecification","valueRequired":true,"valueName":"search_term_string"}}],"inLanguage":"es"},{"@type":"Organization","@id":"https:\/\/expansionworks.ca\/#organization","name":"Expansion Works Learning and Project Management Inc.","url":"https:\/\/expansionworks.ca\/","logo":{"@type":"ImageObject","inLanguage":"es","@id":"https:\/\/expansionworks.ca\/#\/schema\/logo\/image\/","url":"https:\/\/expansionworks.ca\/wp-content\/uploads\/2022\/03\/Logo-1-Expansion-Works-32222.png","contentUrl":"https:\/\/expansionworks.ca\/wp-content\/uploads\/2022\/03\/Logo-1-Expansion-Works-32222.png","width":220,"height":184,"caption":"Expansion Works Learning and Project Management Inc."},"image":{"@id":"https:\/\/expansionworks.ca\/#\/schema\/logo\/image\/"},"sameAs":["https:\/\/www.instagram.com\/expansionworks?igsh=cHR2YzYwNmRmcG14","https:\/\/ca.linkedin.com\/company\/expansionworkslearning"]}]}},"_links":{"self":[{"href":"https:\/\/expansionworks.ca\/es\/wp-json\/wp\/v2\/pages\/1311","targetHints":{"allow":["GET"]}}],"collection":[{"href":"https:\/\/expansionworks.ca\/es\/wp-json\/wp\/v2\/pages"}],"about":[{"href":"https:\/\/expansionworks.ca\/es\/wp-json\/wp\/v2\/types\/page"}],"author":[{"embeddable":true,"href":"https:\/\/expansionworks.ca\/es\/wp-json\/wp\/v2\/users\/1"}],"replies":[{"embeddable":true,"href":"https:\/\/expansionworks.ca\/es\/wp-json\/wp\/v2\/comments?post=1311"}],"version-history":[{"count":7,"href":"https:\/\/expansionworks.ca\/es\/wp-json\/wp\/v2\/pages\/1311\/revisions"}],"predecessor-version":[{"id":1322,"href":"https:\/\/expansionworks.ca\/es\/wp-json\/wp\/v2\/pages\/1311\/revisions\/1322"}],"wp:attachment":[{"href":"https:\/\/expansionworks.ca\/es\/wp-json\/wp\/v2\/media?parent=1311"}],"curies":[{"name":"wp","href":"https:\/\/api.w.org\/{rel}","templated":true}]}}