{"id":3,"date":"2022-02-22T02:14:31","date_gmt":"2022-02-22T02:14:31","guid":{"rendered":"http:\/\/expansionworks.ca\/?page_id=3"},"modified":"2023-04-06T21:36:14","modified_gmt":"2023-04-06T21:36:14","slug":"privacy-policy","status":"publish","type":"page","link":"https:\/\/expansionworks.ca\/es\/privacy-policy\/","title":{"rendered":"Pol\u00edticas de privacidad"},"content":{"rendered":"<div data-elementor-type=\"wp-page\" data-elementor-id=\"3\" class=\"elementor elementor-3\">\n\t\t\t\t\t\t\t\t\t<section class=\"elementor-section elementor-top-section elementor-element elementor-element-744286f0 elementor-section-boxed elementor-section-height-default elementor-section-height-default\" data-id=\"744286f0\" data-element_type=\"section\" data-settings=\"{&quot;_ha_eqh_enable&quot;:false}\">\n\t\t\t\t\t\t<div class=\"elementor-container elementor-column-gap-default\">\n\t\t\t\t\t<div class=\"elementor-column elementor-col-100 elementor-top-column elementor-element elementor-element-4bcdbcad\" data-id=\"4bcdbcad\" data-element_type=\"column\">\n\t\t\t<div class=\"elementor-widget-wrap elementor-element-populated\">\n\t\t\t\t\t\t\t\t<div class=\"elementor-element elementor-element-53211bcd elementor-widget elementor-widget-text-editor\" data-id=\"53211bcd\" data-element_type=\"widget\" data-widget_type=\"text-editor.default\">\n\t\t\t\t<div class=\"elementor-widget-container\">\n\t\t\t<style>\/*! elementor - v3.7.0 - 08-08-2022 *\/\n.elementor-widget-text-editor.elementor-drop-cap-view-stacked .elementor-drop-cap{background-color:#818a91;color:#fff}.elementor-widget-text-editor.elementor-drop-cap-view-framed .elementor-drop-cap{color:#818a91;border:3px solid;background-color:transparent}.elementor-widget-text-editor:not(.elementor-drop-cap-view-default) .elementor-drop-cap{margin-top:8px}.elementor-widget-text-editor:not(.elementor-drop-cap-view-default) .elementor-drop-cap-letter{width:1em;height:1em}.elementor-widget-text-editor .elementor-drop-cap{float:left;text-align:center;line-height:1;font-size:50px}.elementor-widget-text-editor .elementor-drop-cap-letter{display:inline-block}<\/style>\t\t\t\t<!-- wp:paragraph -->\n<p><\/p>\n<!-- \/wp:paragraph -->\n\n<!-- wp:paragraph -->\n<p><\/p>\n<!-- \/wp:paragraph -->\n\n<!-- wp:paragraph -->\n<p>La presente Pol\u00edtica de Privacidad establece los t\u00e9rminos en que expansionworks.ca usa y protege la informaci\u00f3n que es proporcionada por sus usuarios al momento de utilizar su sitio web. Esta empresa est\u00e1 comprometida con la seguridad de los datos de sus usuarios. Cuando le solicitamos que complete los campos de informaci\u00f3n personal con los que puede identificarse, lo hacemos asegur\u00e1ndonos de que solo se utilizar\u00e1 de acuerdo con los t\u00e9rminos de este documento. Sin embargo, esta Pol\u00edtica de Privacidad puede cambiar con el tiempo o ser actualizada, por lo que le recomendamos y enfatizamos que revise continuamente esta p\u00e1gina para asegurarse que est\u00e1 de acuerdo con dichos cambios.<\/p>\n<!-- \/wp:paragraph -->\n\n<!-- wp:paragraph -->\n<p><strong>Informaci\u00f3n que se recopila<\/strong><br>Nuestro sitio web puede recopilar informaci\u00f3n personal, por ejemplo: Nombre, informaci\u00f3n de contacto como su direcci\u00f3n de correo electr\u00f3nico e informaci\u00f3n demogr\u00e1fica. Asimismo, cuando sea necesario, se podr\u00e1 requerir informaci\u00f3n espec\u00edfica para procesar un pedido o realizar una entrega o facturaci\u00f3n.<\/p>\n<!-- \/wp:paragraph -->\n\n<!-- wp:paragraph -->\n<p class=\" translation-block\"><strong>Uso de la informaci\u00f3n recopilada <\/strong><br>\nNuestro sitio web utiliza la informaci\u00f3n para brindar el mejor servicio posible, en particular para llevar un registro de usuarios, de pedidos, si corresponde, y para mejorar nuestros productos y servicios. Es posible que peri\u00f3dicamente se env\u00eden correos electr\u00f3nicos a trav\u00e9s de nuestro sitio con ofertas especiales, nuevos productos y otra informaci\u00f3n publicitaria que consideremos relevante para usted o que pueda brindarle alg\u00fan beneficio, estos correos electr\u00f3nicos ser\u00e1n enviados a la direcci\u00f3n que usted proporcione y podr\u00e1n ser cancelados. . en cualquier momento.<\/p>\n<!-- \/wp:paragraph -->\n\n<!-- wp:paragraph -->\n<p class=\" translation-block\">expansionworks.ca est\u00e1 muy comprometido a cumplir el compromiso de mantener su informaci\u00f3n segura. Utilizamos los sistemas m\u00e1s avanzados y los actualizamos constantemente para asegurarnos de que no haya accesos no autorizados.<\/p>\n<!-- \/wp:paragraph -->\n\n<!-- wp:paragraph -->\n<p><strong>Cookies<\/strong><br>Un cookie se refiere a un archivo que se env\u00eda para solicitar permiso para ser almacenado en su computadora, al aceptar dicho archivo se crea y luego la cookie se usa para tener informaci\u00f3n sobre el tr\u00e1fico web, y tambi\u00e9n facilita futuras visitas a un sitio web recurrente. Otra funci\u00f3n que tienen las cookies es que con ellas los sitios web pueden reconocerte individualmente y por lo tanto brindarte el mejor servicio personalizado en su sitio web.<\/p>\n<!-- \/wp:paragraph -->\n\n<!-- wp:paragraph -->\n<p>Nuestro sitio web utiliza cookies para poder identificar las p\u00e1ginas que se visitan y su frecuencia. Esta informaci\u00f3n se utiliza \u00fanicamente para el an\u00e1lisis estad\u00edstico y luego la informaci\u00f3n se elimina de forma permanente. Puede eliminar las cookies en cualquier momento desde su computadora. Sin embargo, las cookies ayudan a brindar un mejor servicio en los sitios web, no dan acceso a informaci\u00f3n de su computadora o de usted, a menos que usted lo desee y lo proporcione directamente, visitas a un sitio web. Puede aceptar o rechazar el uso de cookies, sin embargo, la mayor\u00eda de los navegadores aceptan autom\u00e1ticamente las cookies. sirve para tener un mejor servicio web. Tambi\u00e9n puede cambiar la configuraci\u00f3n de su computadora para rechazar las cookies. Si se rechazan, es posible que no pueda utilizar algunos de nuestros servicios.<\/p>\n<!-- \/wp:paragraph -->\n\n<!-- wp:paragraph -->\n<p><strong>Enlaces de terceros<\/strong><br>Este sitio web puede contener enlaces a otros sitios que pueden ser de su inter\u00e9s. Una vez que hace clic en estos enlaces y abandona nuestra p\u00e1gina, ya no tenemos control sobre el sitio al que es redirigido y, por lo tanto, no somos responsables de los t\u00e9rminos o la privacidad o la protecci\u00f3n de sus datos en esos otros sitios de terceros. Estos sitios est\u00e1n sujetos a sus propias pol\u00edticas de privacidad, por lo que se recomienda que los consulte para confirmar que est\u00e1 de acuerdo con ellas.<\/p>\n<!-- \/wp:paragraph -->\n\n<!-- wp:paragraph -->\n<p><strong>Control de su informaci\u00f3n personal<\/strong><br>En cualquier momento puede restringir la recopilaci\u00f3n o el uso de la informaci\u00f3n personal que se proporciona a nuestro sitio web. Cada vez que se le solicite la cumplimentaci\u00f3n de un formulario, como por ejemplo el formulario de registro de usuario, puede marcar o desmarcar la opci\u00f3n de recibir informaci\u00f3n por correo electr\u00f3nico. Si ha marcado la opci\u00f3n de recibir nuestro bolet\u00edn o publicidad, puede cancelarla en cualquier momento.<\/p>\n<!-- \/wp:paragraph -->\n\n<!-- wp:paragraph -->\n<p>Esta empresa no vender\u00e1, ceder\u00e1 ni distribuir\u00e1 informaci\u00f3n personal que sea recabada sin su consentimiento, salvo que sea requerido por un juez con orden judicial.<\/p>\n<!-- \/wp:paragraph -->\n\n<!-- wp:paragraph -->\n<p class=\" translation-block\">expansionworks.ca, se reserva el derecho de cambiar los t\u00e9rminos de esta Pol\u00edtica de privacidad en cualquier momento.<\/p>\n<!-- \/wp:paragraph -->\n\n<!-- wp:paragraph -->\n<p><\/p>\n<!-- \/wp:paragraph -->\n\n<!-- wp:paragraph -->\n<p><\/p>\n<!-- \/wp:paragraph -->\n\n<!-- wp:paragraph -->\n<p><\/p>\n<!-- \/wp:paragraph -->\t\t\t\t\t\t<\/div>\n\t\t\t\t<\/div>\n\t\t\t\t\t<\/div>\n\t\t<\/div>\n\t\t\t\t\t\t\t<\/div>\n\t\t<\/section>\n\t\t\t\t\t\t\t<\/div>","protected":false},"excerpt":{"rendered":"<p>This Privacy Policy establishes the terms in which expansionworks.ca uses and protects the information that is provided by its users when using its website. This company is committed to the security of its users&#8217; data. When we ask you to fill in the personal information fields with which you can be identified, we do so &hellip;<\/p>\n<p class=\"read-more\"> <a class=\"\" href=\"https:\/\/expansionworks.ca\/es\/privacy-policy\/\"> <span class=\"screen-reader-text\">Pol\u00edticas de privacidad<\/span> Leer m\u00e1s &raquo;<\/a><\/p>","protected":false},"author":1,"featured_media":0,"parent":0,"menu_order":0,"comment_status":"closed","ping_status":"open","template":"elementor_header_footer","meta":{"site-sidebar-layout":"default","site-content-layout":"default","ast-global-header-display":"","ast-main-header-display":"","ast-hfb-above-header-display":"","ast-hfb-below-header-display":"","ast-hfb-mobile-header-display":"","site-post-title":"","ast-breadcrumbs-content":"","ast-featured-img":"","footer-sml-layout":"","theme-transparent-header-meta":"","adv-header-id-meta":"","stick-header-meta":"","header-above-stick-meta":"","header-main-stick-meta":"","header-below-stick-meta":"","footnotes":""},"class_list":["post-3","page","type-page","status-publish","hentry"],"yoast_head":"<!-- This site is optimized with the Yoast SEO plugin v27.4 - https:\/\/yoast.com\/product\/yoast-seo-wordpress\/ -->\n<title>Privacy Policy - Strategic Solutions for Social Progress<\/title>\n<meta name=\"description\" content=\"Expansion Works Learning &amp; Project Management Inc. guides teams and leaders through facilitation, strategic design, and holistic learning for deeper growth and transformation.\" \/>\n<meta name=\"robots\" content=\"index, follow, max-snippet:-1, max-image-preview:large, max-video-preview:-1\" \/>\n<link rel=\"canonical\" href=\"https:\/\/expansionworks.ca\/es\/privacy-policy\/\" \/>\n<meta property=\"og:locale\" content=\"es_ES\" \/>\n<meta property=\"og:type\" content=\"article\" \/>\n<meta property=\"og:title\" content=\"Privacy Policy - Strategic Solutions for Social Progress\" \/>\n<meta property=\"og:description\" content=\"Expansion Works Learning &amp; Project Management Inc. guides teams and leaders through facilitation, strategic design, and holistic learning for deeper growth and transformation.\" \/>\n<meta property=\"og:url\" content=\"https:\/\/expansionworks.ca\/es\/privacy-policy\/\" \/>\n<meta property=\"og:site_name\" content=\"Expansion Works Learning &amp; Project Management Inc.\" \/>\n<meta property=\"article:modified_time\" content=\"2023-04-06T21:36:14+00:00\" \/>\n<meta property=\"og:image\" content=\"https:\/\/expansionworks.ca\/wp-content\/uploads\/2022\/03\/Facilitation-1-taken-by-Bethan-Lodewyk.jpg\" \/>\n\t<meta property=\"og:image:width\" content=\"1500\" \/>\n\t<meta property=\"og:image:height\" content=\"1000\" \/>\n\t<meta property=\"og:image:type\" content=\"image\/jpeg\" \/>\n<meta name=\"twitter:card\" content=\"summary_large_image\" \/>\n<meta name=\"twitter:label1\" content=\"Tiempo de lectura\" \/>\n\t<meta name=\"twitter:data1\" content=\"3 minutos\" \/>\n<script type=\"application\/ld+json\" class=\"yoast-schema-graph\">{\"@context\":\"https:\\\/\\\/schema.org\",\"@graph\":[{\"@type\":\"WebPage\",\"@id\":\"https:\\\/\\\/expansionworks.ca\\\/privacy-policy\\\/\",\"url\":\"https:\\\/\\\/expansionworks.ca\\\/privacy-policy\\\/\",\"name\":\"Privacy Policy - Strategic Solutions for Social Progress\",\"isPartOf\":{\"@id\":\"https:\\\/\\\/expansionworks.ca\\\/#website\"},\"datePublished\":\"2022-02-22T02:14:31+00:00\",\"dateModified\":\"2023-04-06T21:36:14+00:00\",\"description\":\"Expansion Works Learning & Project Management Inc. guides teams and leaders through facilitation, strategic design, and holistic learning for deeper growth and transformation.\",\"breadcrumb\":{\"@id\":\"https:\\\/\\\/expansionworks.ca\\\/privacy-policy\\\/#breadcrumb\"},\"inLanguage\":\"es\",\"potentialAction\":[{\"@type\":\"ReadAction\",\"target\":[\"https:\\\/\\\/expansionworks.ca\\\/privacy-policy\\\/\"]}]},{\"@type\":\"BreadcrumbList\",\"@id\":\"https:\\\/\\\/expansionworks.ca\\\/privacy-policy\\\/#breadcrumb\",\"itemListElement\":[{\"@type\":\"ListItem\",\"position\":1,\"name\":\"Home\",\"item\":\"https:\\\/\\\/expansionworks.ca\\\/\"},{\"@type\":\"ListItem\",\"position\":2,\"name\":\"Privacy Policy\"}]},{\"@type\":\"WebSite\",\"@id\":\"https:\\\/\\\/expansionworks.ca\\\/#website\",\"url\":\"https:\\\/\\\/expansionworks.ca\\\/\",\"name\":\"Expansion Works Learning &amp; Project Management Inc.\",\"description\":\"Strategic Solutions for Social Progress\",\"publisher\":{\"@id\":\"https:\\\/\\\/expansionworks.ca\\\/#organization\"},\"potentialAction\":[{\"@type\":\"SearchAction\",\"target\":{\"@type\":\"EntryPoint\",\"urlTemplate\":\"https:\\\/\\\/expansionworks.ca\\\/?s={search_term_string}\"},\"query-input\":{\"@type\":\"PropertyValueSpecification\",\"valueRequired\":true,\"valueName\":\"search_term_string\"}}],\"inLanguage\":\"es\"},{\"@type\":\"Organization\",\"@id\":\"https:\\\/\\\/expansionworks.ca\\\/#organization\",\"name\":\"Expansion Works Learning and Project Management Inc.\",\"url\":\"https:\\\/\\\/expansionworks.ca\\\/\",\"logo\":{\"@type\":\"ImageObject\",\"inLanguage\":\"es\",\"@id\":\"https:\\\/\\\/expansionworks.ca\\\/#\\\/schema\\\/logo\\\/image\\\/\",\"url\":\"https:\\\/\\\/expansionworks.ca\\\/wp-content\\\/uploads\\\/2022\\\/03\\\/Logo-1-Expansion-Works-32222.png\",\"contentUrl\":\"https:\\\/\\\/expansionworks.ca\\\/wp-content\\\/uploads\\\/2022\\\/03\\\/Logo-1-Expansion-Works-32222.png\",\"width\":220,\"height\":184,\"caption\":\"Expansion Works Learning and Project Management Inc.\"},\"image\":{\"@id\":\"https:\\\/\\\/expansionworks.ca\\\/#\\\/schema\\\/logo\\\/image\\\/\"},\"sameAs\":[\"https:\\\/\\\/www.instagram.com\\\/expansionworks?igsh=cHR2YzYwNmRmcG14\",\"https:\\\/\\\/ca.linkedin.com\\\/company\\\/expansionworkslearning\"]}]}<\/script>\n<!-- \/ Yoast SEO plugin. -->","yoast_head_json":{"title":"Privacy Policy - Strategic Solutions for Social Progress","description":"Expansion Works Learning & Project Management Inc. guides teams and leaders through facilitation, strategic design, and holistic learning for deeper growth and transformation.","robots":{"index":"index","follow":"follow","max-snippet":"max-snippet:-1","max-image-preview":"max-image-preview:large","max-video-preview":"max-video-preview:-1"},"canonical":"https:\/\/expansionworks.ca\/es\/privacy-policy\/","og_locale":"es_ES","og_type":"article","og_title":"Privacy Policy - Strategic Solutions for Social Progress","og_description":"Expansion Works Learning & Project Management Inc. guides teams and leaders through facilitation, strategic design, and holistic learning for deeper growth and transformation.","og_url":"https:\/\/expansionworks.ca\/es\/privacy-policy\/","og_site_name":"Expansion Works Learning &amp; Project Management Inc.","article_modified_time":"2023-04-06T21:36:14+00:00","og_image":[{"width":1500,"height":1000,"url":"https:\/\/expansionworks.ca\/wp-content\/uploads\/2022\/03\/Facilitation-1-taken-by-Bethan-Lodewyk.jpg","type":"image\/jpeg"}],"twitter_card":"summary_large_image","twitter_misc":{"Tiempo de lectura":"3 minutos"},"schema":{"@context":"https:\/\/schema.org","@graph":[{"@type":"WebPage","@id":"https:\/\/expansionworks.ca\/privacy-policy\/","url":"https:\/\/expansionworks.ca\/privacy-policy\/","name":"Privacy Policy - Strategic Solutions for Social Progress","isPartOf":{"@id":"https:\/\/expansionworks.ca\/#website"},"datePublished":"2022-02-22T02:14:31+00:00","dateModified":"2023-04-06T21:36:14+00:00","description":"Expansion Works Learning & Project Management Inc. guides teams and leaders through facilitation, strategic design, and holistic learning for deeper growth and transformation.","breadcrumb":{"@id":"https:\/\/expansionworks.ca\/privacy-policy\/#breadcrumb"},"inLanguage":"es","potentialAction":[{"@type":"ReadAction","target":["https:\/\/expansionworks.ca\/privacy-policy\/"]}]},{"@type":"BreadcrumbList","@id":"https:\/\/expansionworks.ca\/privacy-policy\/#breadcrumb","itemListElement":[{"@type":"ListItem","position":1,"name":"Home","item":"https:\/\/expansionworks.ca\/"},{"@type":"ListItem","position":2,"name":"Privacy Policy"}]},{"@type":"WebSite","@id":"https:\/\/expansionworks.ca\/#website","url":"https:\/\/expansionworks.ca\/","name":"Expansion Works Learning &amp; Project Management Inc.","description":"Strategic Solutions for Social Progress","publisher":{"@id":"https:\/\/expansionworks.ca\/#organization"},"potentialAction":[{"@type":"SearchAction","target":{"@type":"EntryPoint","urlTemplate":"https:\/\/expansionworks.ca\/?s={search_term_string}"},"query-input":{"@type":"PropertyValueSpecification","valueRequired":true,"valueName":"search_term_string"}}],"inLanguage":"es"},{"@type":"Organization","@id":"https:\/\/expansionworks.ca\/#organization","name":"Expansion Works Learning and Project Management Inc.","url":"https:\/\/expansionworks.ca\/","logo":{"@type":"ImageObject","inLanguage":"es","@id":"https:\/\/expansionworks.ca\/#\/schema\/logo\/image\/","url":"https:\/\/expansionworks.ca\/wp-content\/uploads\/2022\/03\/Logo-1-Expansion-Works-32222.png","contentUrl":"https:\/\/expansionworks.ca\/wp-content\/uploads\/2022\/03\/Logo-1-Expansion-Works-32222.png","width":220,"height":184,"caption":"Expansion Works Learning and Project Management Inc."},"image":{"@id":"https:\/\/expansionworks.ca\/#\/schema\/logo\/image\/"},"sameAs":["https:\/\/www.instagram.com\/expansionworks?igsh=cHR2YzYwNmRmcG14","https:\/\/ca.linkedin.com\/company\/expansionworkslearning"]}]}},"_links":{"self":[{"href":"https:\/\/expansionworks.ca\/es\/wp-json\/wp\/v2\/pages\/3","targetHints":{"allow":["GET"]}}],"collection":[{"href":"https:\/\/expansionworks.ca\/es\/wp-json\/wp\/v2\/pages"}],"about":[{"href":"https:\/\/expansionworks.ca\/es\/wp-json\/wp\/v2\/types\/page"}],"author":[{"embeddable":true,"href":"https:\/\/expansionworks.ca\/es\/wp-json\/wp\/v2\/users\/1"}],"replies":[{"embeddable":true,"href":"https:\/\/expansionworks.ca\/es\/wp-json\/wp\/v2\/comments?post=3"}],"version-history":[{"count":8,"href":"https:\/\/expansionworks.ca\/es\/wp-json\/wp\/v2\/pages\/3\/revisions"}],"predecessor-version":[{"id":1786,"href":"https:\/\/expansionworks.ca\/es\/wp-json\/wp\/v2\/pages\/3\/revisions\/1786"}],"wp:attachment":[{"href":"https:\/\/expansionworks.ca\/es\/wp-json\/wp\/v2\/media?parent=3"}],"curies":[{"name":"wp","href":"https:\/\/api.w.org\/{rel}","templated":true}]}}