{"id":551,"date":"2022-02-27T04:53:00","date_gmt":"2022-02-27T04:53:00","guid":{"rendered":"https:\/\/expansionworks.ca\/?page_id=551"},"modified":"2022-02-27T16:17:57","modified_gmt":"2022-02-27T16:17:57","slug":"project-management","status":"publish","type":"page","link":"https:\/\/expansionworks.ca\/es\/project-management\/","title":{"rendered":"Gesti\u00f3n de proyectos"},"content":{"rendered":"<div data-elementor-type=\"wp-page\" data-elementor-id=\"551\" class=\"elementor elementor-551\">\n\t\t\t\t\t\t\t\t\t<section class=\"elementor-section elementor-top-section elementor-element elementor-element-2693ee5 elementor-section-full_width elementor-section-height-min-height elementor-section-height-default elementor-section-items-middle\" data-id=\"2693ee5\" data-element_type=\"section\" data-settings=\"{&quot;background_background&quot;:&quot;classic&quot;,&quot;_ha_eqh_enable&quot;:false}\">\n\t\t\t\t\t\t\t<div class=\"elementor-background-overlay\"><\/div>\n\t\t\t\t\t\t\t<div class=\"elementor-container elementor-column-gap-default\">\n\t\t\t\t\t<div class=\"elementor-column elementor-col-100 elementor-top-column elementor-element elementor-element-8b77ba7\" data-id=\"8b77ba7\" data-element_type=\"column\">\n\t\t\t<div class=\"elementor-widget-wrap elementor-element-populated\">\n\t\t\t\t\t\t\t\t<div class=\"elementor-element elementor-element-d3e5042 elementor-widget elementor-widget-heading\" data-id=\"d3e5042\" data-element_type=\"widget\" data-widget_type=\"heading.default\">\n\t\t\t\t<div class=\"elementor-widget-container\">\n\t\t\t<style>\/*! elementor - v3.7.0 - 08-08-2022 *\/\n.elementor-heading-title{padding:0;margin:0;line-height:1}.elementor-widget-heading .elementor-heading-title[class*=elementor-size-]>a{color:inherit;font-size:inherit;line-height:inherit}.elementor-widget-heading .elementor-heading-title.elementor-size-small{font-size:15px}.elementor-widget-heading .elementor-heading-title.elementor-size-medium{font-size:19px}.elementor-widget-heading .elementor-heading-title.elementor-size-large{font-size:29px}.elementor-widget-heading .elementor-heading-title.elementor-size-xl{font-size:39px}.elementor-widget-heading .elementor-heading-title.elementor-size-xxl{font-size:59px}<\/style><h2 class=\"elementor-heading-title elementor-size-xxl\">Gesti\u00f3n de proyectos<\/h2>\t\t<\/div>\n\t\t\t\t<\/div>\n\t\t\t\t\t<\/div>\n\t\t<\/div>\n\t\t\t\t\t\t\t<\/div>\n\t\t<\/section>\n\t\t\t\t<section class=\"elementor-section elementor-top-section elementor-element elementor-element-44e14e1a elementor-section-boxed elementor-section-height-default elementor-section-height-default\" data-id=\"44e14e1a\" data-element_type=\"section\" data-settings=\"{&quot;_ha_eqh_enable&quot;:false}\">\n\t\t\t\t\t\t<div class=\"elementor-container elementor-column-gap-default\">\n\t\t\t\t\t<div class=\"elementor-column elementor-col-100 elementor-top-column elementor-element elementor-element-2cfebe78\" data-id=\"2cfebe78\" data-element_type=\"column\">\n\t\t\t<div class=\"elementor-widget-wrap elementor-element-populated\">\n\t\t\t\t\t\t\t\t<div class=\"elementor-element elementor-element-529e3251 elementor-widget elementor-widget-heading\" data-id=\"529e3251\" data-element_type=\"widget\" data-widget_type=\"heading.default\">\n\t\t\t\t<div class=\"elementor-widget-container\">\n\t\t\t<h4 class=\"elementor-heading-title elementor-size-default\">Por favor complete el formulario para continuar<\/h4>\t\t<\/div>\n\t\t\t\t<\/div>\n\t\t\t\t<div class=\"elementor-element elementor-element-7383e40a elementor-widget elementor-widget-heading\" data-id=\"7383e40a\" data-element_type=\"widget\" data-widget_type=\"heading.default\">\n\t\t\t\t<div class=\"elementor-widget-container\">\n\t\t\t<h2 class=\"elementor-heading-title elementor-size-default\">Nos comunicaremos con usted dentro de los 3 d\u00edas h\u00e1biles para analizar sus necesidades y los pr\u00f3ximos pasos.<\/h2>\t\t<\/div>\n\t\t\t\t<\/div>\n\t\t\t\t<div class=\"elementor-element elementor-element-7add23d9 elementor-widget-divider--view-line elementor-widget elementor-widget-divider\" data-id=\"7add23d9\" data-element_type=\"widget\" data-widget_type=\"divider.default\">\n\t\t\t\t<div class=\"elementor-widget-container\">\n\t\t\t<style>\/*! elementor - v3.7.0 - 08-08-2022 *\/\n.elementor-widget-divider{--divider-border-style:none;--divider-border-width:1px;--divider-color:#2c2c2c;--divider-icon-size:20px;--divider-element-spacing:10px;--divider-pattern-height:24px;--divider-pattern-size:20px;--divider-pattern-url:none;--divider-pattern-repeat:repeat-x}.elementor-widget-divider .elementor-divider{display:-webkit-box;display:-ms-flexbox;display:flex}.elementor-widget-divider .elementor-divider__text{font-size:15px;line-height:1;max-width:95%}.elementor-widget-divider .elementor-divider__element{margin:0 var(--divider-element-spacing);-ms-flex-negative:0;flex-shrink:0}.elementor-widget-divider .elementor-icon{font-size:var(--divider-icon-size)}.elementor-widget-divider .elementor-divider-separator{display:-webkit-box;display:-ms-flexbox;display:flex;margin:0;direction:ltr}.elementor-widget-divider--view-line_icon .elementor-divider-separator,.elementor-widget-divider--view-line_text .elementor-divider-separator{-webkit-box-align:center;-ms-flex-align:center;align-items:center}.elementor-widget-divider--view-line_icon .elementor-divider-separator:after,.elementor-widget-divider--view-line_icon .elementor-divider-separator:before,.elementor-widget-divider--view-line_text .elementor-divider-separator:after,.elementor-widget-divider--view-line_text .elementor-divider-separator:before{display:block;content:\"\";border-bottom:0;-webkit-box-flex:1;-ms-flex-positive:1;flex-grow:1;border-top:var(--divider-border-width) var(--divider-border-style) var(--divider-color)}.elementor-widget-divider--element-align-left .elementor-divider .elementor-divider-separator>.elementor-divider__svg:first-of-type{-webkit-box-flex:0;-ms-flex-positive:0;flex-grow:0;-ms-flex-negative:100;flex-shrink:100}.elementor-widget-divider--element-align-left .elementor-divider-separator:before{content:none}.elementor-widget-divider--element-align-left .elementor-divider__element{margin-left:0}.elementor-widget-divider--element-align-right .elementor-divider .elementor-divider-separator>.elementor-divider__svg:last-of-type{-webkit-box-flex:0;-ms-flex-positive:0;flex-grow:0;-ms-flex-negative:100;flex-shrink:100}.elementor-widget-divider--element-align-right .elementor-divider-separator:after{content:none}.elementor-widget-divider--element-align-right .elementor-divider__element{margin-right:0}.elementor-widget-divider:not(.elementor-widget-divider--view-line_text):not(.elementor-widget-divider--view-line_icon) .elementor-divider-separator{border-top:var(--divider-border-width) var(--divider-border-style) var(--divider-color)}.elementor-widget-divider--separator-type-pattern{--divider-border-style:none}.elementor-widget-divider--separator-type-pattern.elementor-widget-divider--view-line .elementor-divider-separator,.elementor-widget-divider--separator-type-pattern:not(.elementor-widget-divider--view-line) .elementor-divider-separator:after,.elementor-widget-divider--separator-type-pattern:not(.elementor-widget-divider--view-line) .elementor-divider-separator:before,.elementor-widget-divider--separator-type-pattern:not([class*=elementor-widget-divider--view]) .elementor-divider-separator{width:100%;min-height:var(--divider-pattern-height);-webkit-mask-size:var(--divider-pattern-size) 100%;mask-size:var(--divider-pattern-size) 100%;-webkit-mask-repeat:var(--divider-pattern-repeat);mask-repeat:var(--divider-pattern-repeat);background-color:var(--divider-color);-webkit-mask-image:var(--divider-pattern-url);mask-image:var(--divider-pattern-url)}.elementor-widget-divider--no-spacing{--divider-pattern-size:auto}.elementor-widget-divider--bg-round{--divider-pattern-repeat:round}.rtl .elementor-widget-divider .elementor-divider__text{direction:rtl}.e-container>.elementor-widget-divider{width:var(--container-widget-width,100%);-webkit-box-flex:1;-ms-flex-positive:1;flex-grow:1}<\/style>\t\t<div class=\"elementor-divider\">\n\t\t\t<span class=\"elementor-divider-separator\">\n\t\t\t\t\t\t<\/span>\n\t\t<\/div>\n\t\t\t\t<\/div>\n\t\t\t\t<\/div>\n\t\t\t\t<section class=\"elementor-section elementor-inner-section elementor-element elementor-element-303abc0a elementor-section-boxed elementor-section-height-default elementor-section-height-default\" data-id=\"303abc0a\" data-element_type=\"section\" data-settings=\"{&quot;_ha_eqh_enable&quot;:false}\">\n\t\t\t\t\t\t<div class=\"elementor-container elementor-column-gap-default\">\n\t\t\t\t\t<div class=\"elementor-column elementor-col-100 elementor-inner-column elementor-element elementor-element-18ea0a82\" data-id=\"18ea0a82\" data-element_type=\"column\">\n\t\t\t<div class=\"elementor-widget-wrap elementor-element-populated\">\n\t\t\t\t\t\t\t\t<div class=\"elementor-element elementor-element-702e2f4f premium-contact-form-anim-premium_border_animation1 elementor-widget elementor-widget-premium-contact-form\" data-id=\"702e2f4f\" data-element_type=\"widget\" data-widget_type=\"premium-contact-form.default\">\n\t\t\t\t<div class=\"elementor-widget-container\">\n\t\t\t\n\t\t\t<div class=\"premium-cf7-container\">\n\t\t\t\t<div role=\"form\" class=\"wpcf7\" id=\"wpcf7-f546-o1\" lang=\"en-US\" dir=\"ltr\">\n<div class=\"screen-reader-response\"><p role=\"status\" aria-live=\"polite\" aria-atomic=\"true\"><\/p> <ul><\/ul><\/div>\n<form action=\"\/es\/wp-json\/wp\/v2\/pages\/551#wpcf7-f546-o1\" method=\"post\" class=\"wpcf7-form init\" novalidate=\"novalidate\" data-status=\"init\" data-trp-original-action=\"\/es\/wp-json\/wp\/v2\/pages\/551#wpcf7-f546-o1\">\n<div style=\"display: none;\">\n<input type=\"hidden\" name=\"_wpcf7\" value=\"546\" \/>\n<input type=\"hidden\" name=\"_wpcf7_version\" value=\"5.6.2\" \/>\n<input type=\"hidden\" name=\"_wpcf7_locale\" value=\"en_US\" \/>\n<input type=\"hidden\" name=\"_wpcf7_unit_tag\" value=\"wpcf7-f546-o1\" \/>\n<input type=\"hidden\" name=\"_wpcf7_container_post\" value=\"0\" \/>\n<input type=\"hidden\" name=\"_wpcf7_posted_data_hash\" value=\"\" \/>\n<\/div>\n<p><label> Nombre<br \/>\n    <span class=\"wpcf7-form-control-wrap\" data-name=\"your-name\"><input type=\"text\" name=\"your-name\" value=\"\" size=\"40\" class=\"wpcf7-form-control wpcf7-text wpcf7-validates-as-required\" aria-required=\"true\" aria-invalid=\"false\" \/><\/span> <\/label><\/p>\n<p><label> Email<br \/>\n    <span class=\"wpcf7-form-control-wrap\" data-name=\"your-email\"><input type=\"email\" name=\"your-email\" value=\"\" size=\"40\" class=\"wpcf7-form-control wpcf7-text wpcf7-email wpcf7-validates-as-required wpcf7-validates-as-email\" aria-required=\"true\" aria-invalid=\"false\" \/><\/span> <\/label><\/p>\n<p><label> Asunto<br \/>\n    <span class=\"wpcf7-form-control-wrap\" data-name=\"your-subject\"><input type=\"text\" name=\"your-subject\" value=\"\" size=\"40\" class=\"wpcf7-form-control wpcf7-text wpcf7-validates-as-required\" aria-required=\"true\" aria-invalid=\"false\" \/><\/span> <\/label><\/p>\n<p><label> Descripci\u00f3n de lo que necesitas<br \/>\n    <span class=\"wpcf7-form-control-wrap\" data-name=\"your-message\"><input type=\"text\" name=\"your-message\" value=\"\" size=\"40\" class=\"wpcf7-form-control wpcf7-text wpcf7-validates-as-required\" aria-required=\"true\" aria-invalid=\"false\" \/><\/span> <\/label><\/p>\n<p><input type=\"submit\" value=\"Enviar\" class=\"wpcf7-form-control has-spinner wpcf7-submit\" \/><\/p>\n<div class=\"wpcf7-response-output\" aria-hidden=\"true\"><\/div><input type=\"hidden\" name=\"trp-form-language\" value=\"es\"\/><\/form><\/div>\t\t\t<\/div>\n\n\t\t\t\t\t<\/div>\n\t\t\t\t<\/div>\n\t\t\t\t\t<\/div>\n\t\t<\/div>\n\t\t\t\t\t\t\t<\/div>\n\t\t<\/section>\n\t\t\t\t\t<\/div>\n\t\t<\/div>\n\t\t\t\t\t\t\t<\/div>\n\t\t<\/section>\n\t\t\t\t\t\t\t<\/div>","protected":false},"excerpt":{"rendered":"<p>Project management Please fill in the form to continue We\u2019ll reach out to you within 3 business days to discuss your needs and next steps. Your name Your email Subject Description of what you need &#916;<\/p>","protected":false},"author":1,"featured_media":0,"parent":0,"menu_order":0,"comment_status":"closed","ping_status":"closed","template":"elementor_header_footer","meta":{"site-sidebar-layout":"no-sidebar","site-content-layout":"page-builder","ast-global-header-display":"","ast-main-header-display":"","ast-hfb-above-header-display":"","ast-hfb-below-header-display":"","ast-hfb-mobile-header-display":"","site-post-title":"disabled","ast-breadcrumbs-content":"","ast-featured-img":"disabled","footer-sml-layout":"","theme-transparent-header-meta":"","adv-header-id-meta":"","stick-header-meta":"","header-above-stick-meta":"","header-main-stick-meta":"","header-below-stick-meta":"","footnotes":""},"class_list":["post-551","page","type-page","status-publish","hentry"],"yoast_head":"<!-- This site is optimized with the Yoast SEO plugin v27.4 - https:\/\/yoast.com\/product\/yoast-seo-wordpress\/ -->\n<title>Project management - Strategic Solutions for Social Progress<\/title>\n<meta name=\"description\" content=\"Expansion Works Learning &amp; Project Management Inc. guides teams and leaders through facilitation, strategic design, and holistic learning for deeper growth and transformation.\" \/>\n<meta name=\"robots\" content=\"index, follow, max-snippet:-1, max-image-preview:large, max-video-preview:-1\" \/>\n<link rel=\"canonical\" href=\"https:\/\/expansionworks.ca\/es\/project-management\/\" \/>\n<meta property=\"og:locale\" content=\"es_ES\" \/>\n<meta property=\"og:type\" content=\"article\" \/>\n<meta property=\"og:title\" content=\"Project management - Strategic Solutions for Social Progress\" \/>\n<meta property=\"og:description\" content=\"Expansion Works Learning &amp; Project Management Inc. guides teams and leaders through facilitation, strategic design, and holistic learning for deeper growth and transformation.\" \/>\n<meta property=\"og:url\" content=\"https:\/\/expansionworks.ca\/es\/project-management\/\" \/>\n<meta property=\"og:site_name\" content=\"Expansion Works Learning &amp; Project Management Inc.\" \/>\n<meta property=\"article:modified_time\" content=\"2022-02-27T16:17:57+00:00\" \/>\n<meta property=\"og:image\" content=\"https:\/\/expansionworks.ca\/wp-content\/uploads\/2022\/03\/Facilitation-1-taken-by-Bethan-Lodewyk.jpg\" \/>\n\t<meta property=\"og:image:width\" content=\"1500\" \/>\n\t<meta property=\"og:image:height\" content=\"1000\" \/>\n\t<meta property=\"og:image:type\" content=\"image\/jpeg\" \/>\n<meta name=\"twitter:card\" content=\"summary_large_image\" \/>\n<meta name=\"twitter:label1\" content=\"Tiempo de lectura\" \/>\n\t<meta name=\"twitter:data1\" content=\"1 minuto\" \/>\n<script type=\"application\/ld+json\" class=\"yoast-schema-graph\">{\"@context\":\"https:\\\/\\\/schema.org\",\"@graph\":[{\"@type\":\"WebPage\",\"@id\":\"https:\\\/\\\/expansionworks.ca\\\/project-management\\\/\",\"url\":\"https:\\\/\\\/expansionworks.ca\\\/project-management\\\/\",\"name\":\"Project management - Strategic Solutions for Social Progress\",\"isPartOf\":{\"@id\":\"https:\\\/\\\/expansionworks.ca\\\/#website\"},\"datePublished\":\"2022-02-27T04:53:00+00:00\",\"dateModified\":\"2022-02-27T16:17:57+00:00\",\"description\":\"Expansion Works Learning & Project Management Inc. guides teams and leaders through facilitation, strategic design, and holistic learning for deeper growth and transformation.\",\"breadcrumb\":{\"@id\":\"https:\\\/\\\/expansionworks.ca\\\/project-management\\\/#breadcrumb\"},\"inLanguage\":\"es\",\"potentialAction\":[{\"@type\":\"ReadAction\",\"target\":[\"https:\\\/\\\/expansionworks.ca\\\/project-management\\\/\"]}]},{\"@type\":\"BreadcrumbList\",\"@id\":\"https:\\\/\\\/expansionworks.ca\\\/project-management\\\/#breadcrumb\",\"itemListElement\":[{\"@type\":\"ListItem\",\"position\":1,\"name\":\"Home\",\"item\":\"https:\\\/\\\/expansionworks.ca\\\/\"},{\"@type\":\"ListItem\",\"position\":2,\"name\":\"Project management\"}]},{\"@type\":\"WebSite\",\"@id\":\"https:\\\/\\\/expansionworks.ca\\\/#website\",\"url\":\"https:\\\/\\\/expansionworks.ca\\\/\",\"name\":\"Expansion Works Learning &amp; Project Management Inc.\",\"description\":\"Strategic Solutions for Social Progress\",\"publisher\":{\"@id\":\"https:\\\/\\\/expansionworks.ca\\\/#organization\"},\"potentialAction\":[{\"@type\":\"SearchAction\",\"target\":{\"@type\":\"EntryPoint\",\"urlTemplate\":\"https:\\\/\\\/expansionworks.ca\\\/?s={search_term_string}\"},\"query-input\":{\"@type\":\"PropertyValueSpecification\",\"valueRequired\":true,\"valueName\":\"search_term_string\"}}],\"inLanguage\":\"es\"},{\"@type\":\"Organization\",\"@id\":\"https:\\\/\\\/expansionworks.ca\\\/#organization\",\"name\":\"Expansion Works Learning and Project Management Inc.\",\"url\":\"https:\\\/\\\/expansionworks.ca\\\/\",\"logo\":{\"@type\":\"ImageObject\",\"inLanguage\":\"es\",\"@id\":\"https:\\\/\\\/expansionworks.ca\\\/#\\\/schema\\\/logo\\\/image\\\/\",\"url\":\"https:\\\/\\\/expansionworks.ca\\\/wp-content\\\/uploads\\\/2022\\\/03\\\/Logo-1-Expansion-Works-32222.png\",\"contentUrl\":\"https:\\\/\\\/expansionworks.ca\\\/wp-content\\\/uploads\\\/2022\\\/03\\\/Logo-1-Expansion-Works-32222.png\",\"width\":220,\"height\":184,\"caption\":\"Expansion Works Learning and Project Management Inc.\"},\"image\":{\"@id\":\"https:\\\/\\\/expansionworks.ca\\\/#\\\/schema\\\/logo\\\/image\\\/\"},\"sameAs\":[\"https:\\\/\\\/www.instagram.com\\\/expansionworks?igsh=cHR2YzYwNmRmcG14\",\"https:\\\/\\\/ca.linkedin.com\\\/company\\\/expansionworkslearning\"]}]}<\/script>\n<!-- \/ Yoast SEO plugin. -->","yoast_head_json":{"title":"Project management - Strategic Solutions for Social Progress","description":"Expansion Works Learning & Project Management Inc. guides teams and leaders through facilitation, strategic design, and holistic learning for deeper growth and transformation.","robots":{"index":"index","follow":"follow","max-snippet":"max-snippet:-1","max-image-preview":"max-image-preview:large","max-video-preview":"max-video-preview:-1"},"canonical":"https:\/\/expansionworks.ca\/es\/project-management\/","og_locale":"es_ES","og_type":"article","og_title":"Project management - Strategic Solutions for Social Progress","og_description":"Expansion Works Learning & Project Management Inc. guides teams and leaders through facilitation, strategic design, and holistic learning for deeper growth and transformation.","og_url":"https:\/\/expansionworks.ca\/es\/project-management\/","og_site_name":"Expansion Works Learning &amp; Project Management Inc.","article_modified_time":"2022-02-27T16:17:57+00:00","og_image":[{"width":1500,"height":1000,"url":"https:\/\/expansionworks.ca\/wp-content\/uploads\/2022\/03\/Facilitation-1-taken-by-Bethan-Lodewyk.jpg","type":"image\/jpeg"}],"twitter_card":"summary_large_image","twitter_misc":{"Tiempo de lectura":"1 minuto"},"schema":{"@context":"https:\/\/schema.org","@graph":[{"@type":"WebPage","@id":"https:\/\/expansionworks.ca\/project-management\/","url":"https:\/\/expansionworks.ca\/project-management\/","name":"Project management - Strategic Solutions for Social Progress","isPartOf":{"@id":"https:\/\/expansionworks.ca\/#website"},"datePublished":"2022-02-27T04:53:00+00:00","dateModified":"2022-02-27T16:17:57+00:00","description":"Expansion Works Learning & Project Management Inc. guides teams and leaders through facilitation, strategic design, and holistic learning for deeper growth and transformation.","breadcrumb":{"@id":"https:\/\/expansionworks.ca\/project-management\/#breadcrumb"},"inLanguage":"es","potentialAction":[{"@type":"ReadAction","target":["https:\/\/expansionworks.ca\/project-management\/"]}]},{"@type":"BreadcrumbList","@id":"https:\/\/expansionworks.ca\/project-management\/#breadcrumb","itemListElement":[{"@type":"ListItem","position":1,"name":"Home","item":"https:\/\/expansionworks.ca\/"},{"@type":"ListItem","position":2,"name":"Project management"}]},{"@type":"WebSite","@id":"https:\/\/expansionworks.ca\/#website","url":"https:\/\/expansionworks.ca\/","name":"Expansion Works Learning &amp; Project Management Inc.","description":"Strategic Solutions for Social Progress","publisher":{"@id":"https:\/\/expansionworks.ca\/#organization"},"potentialAction":[{"@type":"SearchAction","target":{"@type":"EntryPoint","urlTemplate":"https:\/\/expansionworks.ca\/?s={search_term_string}"},"query-input":{"@type":"PropertyValueSpecification","valueRequired":true,"valueName":"search_term_string"}}],"inLanguage":"es"},{"@type":"Organization","@id":"https:\/\/expansionworks.ca\/#organization","name":"Expansion Works Learning and Project Management Inc.","url":"https:\/\/expansionworks.ca\/","logo":{"@type":"ImageObject","inLanguage":"es","@id":"https:\/\/expansionworks.ca\/#\/schema\/logo\/image\/","url":"https:\/\/expansionworks.ca\/wp-content\/uploads\/2022\/03\/Logo-1-Expansion-Works-32222.png","contentUrl":"https:\/\/expansionworks.ca\/wp-content\/uploads\/2022\/03\/Logo-1-Expansion-Works-32222.png","width":220,"height":184,"caption":"Expansion Works Learning and Project Management Inc."},"image":{"@id":"https:\/\/expansionworks.ca\/#\/schema\/logo\/image\/"},"sameAs":["https:\/\/www.instagram.com\/expansionworks?igsh=cHR2YzYwNmRmcG14","https:\/\/ca.linkedin.com\/company\/expansionworkslearning"]}]}},"_links":{"self":[{"href":"https:\/\/expansionworks.ca\/es\/wp-json\/wp\/v2\/pages\/551","targetHints":{"allow":["GET"]}}],"collection":[{"href":"https:\/\/expansionworks.ca\/es\/wp-json\/wp\/v2\/pages"}],"about":[{"href":"https:\/\/expansionworks.ca\/es\/wp-json\/wp\/v2\/types\/page"}],"author":[{"embeddable":true,"href":"https:\/\/expansionworks.ca\/es\/wp-json\/wp\/v2\/users\/1"}],"replies":[{"embeddable":true,"href":"https:\/\/expansionworks.ca\/es\/wp-json\/wp\/v2\/comments?post=551"}],"version-history":[{"count":5,"href":"https:\/\/expansionworks.ca\/es\/wp-json\/wp\/v2\/pages\/551\/revisions"}],"predecessor-version":[{"id":556,"href":"https:\/\/expansionworks.ca\/es\/wp-json\/wp\/v2\/pages\/551\/revisions\/556"}],"wp:attachment":[{"href":"https:\/\/expansionworks.ca\/es\/wp-json\/wp\/v2\/media?parent=551"}],"curies":[{"name":"wp","href":"https:\/\/api.w.org\/{rel}","templated":true}]}}