{"id":1051,"date":"2022-03-21T21:08:52","date_gmt":"2022-03-21T21:08:52","guid":{"rendered":"https:\/\/expansionworks.ca\/?post_type=product&#038;p=1051"},"modified":"2022-03-31T01:37:04","modified_gmt":"2022-03-31T01:37:04","slug":"one-on-one-coaching-single-session","status":"publish","type":"product","link":"https:\/\/expansionworks.ca\/es\/shop\/one-on-one-coaching-single-session\/","title":{"rendered":"One-on-one Coaching: Single Session"},"content":{"rendered":"","protected":false},"excerpt":{"rendered":"<p>Sugerido para necesidades puntuales de retroalimentaci\u00f3n o tormenta de ideas relacionadas pero no limitado a: Gesti\u00f3n de proyectos, Redacci\u00f3n de curr\u00edculums o practicas para entrevistas. Opci\u00f3n disponible para hacer 2 sesiones de 30 min.<\/p>\n<h4 class=\"elementor-heading-title elementor-size-default\">Nota: la llamada gratuita de 20 min solo est\u00e1 disponible para paquetes. Si est\u00e1 interesado en una sola sesi\u00f3n, utilice la opci\u00f3n listo para comenzar.<\/h4>","protected":false},"featured_media":512,"comment_status":"open","ping_status":"closed","template":"","meta":{"site-sidebar-layout":"default","site-content-layout":"default","ast-global-header-display":"","ast-main-header-display":"","ast-hfb-above-header-display":"","ast-hfb-below-header-display":"","ast-hfb-mobile-header-display":"","site-post-title":"","ast-breadcrumbs-content":"","ast-featured-img":"","footer-sml-layout":"","theme-transparent-header-meta":"default","adv-header-id-meta":"","stick-header-meta":"","header-above-stick-meta":"","header-main-stick-meta":"","header-below-stick-meta":""},"product_cat":[24],"product_tag":[],"class_list":["post-1051","product","type-product","status-publish","has-post-thumbnail","hentry","product_cat-one-on-one-coaching"],"yoast_head":"<!-- This site is optimized with the Yoast SEO plugin v27.5 - https:\/\/yoast.com\/product\/yoast-seo-wordpress\/ -->\n<title>One-on-one Coaching: Single Session - Expansion Works Learning &amp; Project Management Inc.<\/title>\n<meta name=\"robots\" content=\"index, follow, max-snippet:-1, max-image-preview:large, max-video-preview:-1\" \/>\n<link rel=\"canonical\" href=\"https:\/\/expansionworks.ca\/es\/shop\/one-on-one-coaching-single-session\/\" \/>\n<meta property=\"og:locale\" content=\"es_ES\" \/>\n<meta property=\"og:type\" content=\"article\" \/>\n<meta property=\"og:title\" content=\"One-on-one Coaching: Single Session - Expansion Works Learning &amp; Project Management Inc.\" \/>\n<meta property=\"og:description\" content=\"For feedback or brainstorming needs related but not limited to project management, resume writing, or interview skills. Option available to split it into 2 smaller sessions. Note: the 20 min free call is only available for packages. If interested in a single session please use the ready-to-start option.\" \/>\n<meta property=\"og:url\" content=\"https:\/\/expansionworks.ca\/es\/shop\/one-on-one-coaching-single-session\/\" \/>\n<meta property=\"og:site_name\" content=\"Expansion Works Learning &amp; Project Management Inc.\" \/>\n<meta property=\"article:modified_time\" content=\"2022-03-31T01:37:04+00:00\" \/>\n<meta property=\"og:image\" content=\"https:\/\/expansionworks.ca\/wp-content\/uploads\/2022\/02\/christina-wocintechchat-com-4PU-OC8sW98-unsplash-scaled.jpg\" \/>\n\t<meta property=\"og:image:width\" content=\"2560\" \/>\n\t<meta property=\"og:image:height\" content=\"1709\" \/>\n\t<meta property=\"og:image:type\" content=\"image\/jpeg\" \/>\n<meta name=\"twitter:card\" content=\"summary_large_image\" \/>\n<script type=\"application\/ld+json\" class=\"yoast-schema-graph\">{\"@context\":\"https:\\\/\\\/schema.org\",\"@graph\":[{\"@type\":\"WebPage\",\"@id\":\"https:\\\/\\\/expansionworks.ca\\\/es\\\/shop\\\/one-on-one-coaching-single-session\\\/\",\"url\":\"https:\\\/\\\/expansionworks.ca\\\/es\\\/shop\\\/one-on-one-coaching-single-session\\\/\",\"name\":\"One-on-one Coaching: Single Session - Expansion Works Learning &amp; Project Management Inc.\",\"isPartOf\":{\"@id\":\"https:\\\/\\\/expansionworks.ca\\\/#website\"},\"primaryImageOfPage\":{\"@id\":\"https:\\\/\\\/expansionworks.ca\\\/es\\\/shop\\\/one-on-one-coaching-single-session\\\/#primaryimage\"},\"image\":{\"@id\":\"https:\\\/\\\/expansionworks.ca\\\/es\\\/shop\\\/one-on-one-coaching-single-session\\\/#primaryimage\"},\"thumbnailUrl\":\"https:\\\/\\\/expansionworks.ca\\\/wp-content\\\/uploads\\\/2022\\\/02\\\/christina-wocintechchat-com-4PU-OC8sW98-unsplash-scaled.jpg\",\"datePublished\":\"2022-03-21T21:08:52+00:00\",\"dateModified\":\"2022-03-31T01:37:04+00:00\",\"breadcrumb\":{\"@id\":\"https:\\\/\\\/expansionworks.ca\\\/es\\\/shop\\\/one-on-one-coaching-single-session\\\/#breadcrumb\"},\"inLanguage\":\"es\",\"potentialAction\":[{\"@type\":\"ReadAction\",\"target\":[\"https:\\\/\\\/expansionworks.ca\\\/es\\\/shop\\\/one-on-one-coaching-single-session\\\/\"]}]},{\"@type\":\"ImageObject\",\"inLanguage\":\"es\",\"@id\":\"https:\\\/\\\/expansionworks.ca\\\/es\\\/shop\\\/one-on-one-coaching-single-session\\\/#primaryimage\",\"url\":\"https:\\\/\\\/expansionworks.ca\\\/wp-content\\\/uploads\\\/2022\\\/02\\\/christina-wocintechchat-com-4PU-OC8sW98-unsplash-scaled.jpg\",\"contentUrl\":\"https:\\\/\\\/expansionworks.ca\\\/wp-content\\\/uploads\\\/2022\\\/02\\\/christina-wocintechchat-com-4PU-OC8sW98-unsplash-scaled.jpg\",\"width\":2560,\"height\":1709},{\"@type\":\"BreadcrumbList\",\"@id\":\"https:\\\/\\\/expansionworks.ca\\\/es\\\/shop\\\/one-on-one-coaching-single-session\\\/#breadcrumb\",\"itemListElement\":[{\"@type\":\"ListItem\",\"position\":1,\"name\":\"Home\",\"item\":\"https:\\\/\\\/expansionworks.ca\\\/\"},{\"@type\":\"ListItem\",\"position\":2,\"name\":\"Shop\",\"item\":\"https:\\\/\\\/expansionworks.ca\\\/shop\\\/\"},{\"@type\":\"ListItem\",\"position\":3,\"name\":\"One-on-one Coaching: Single Session\"}]},{\"@type\":\"WebSite\",\"@id\":\"https:\\\/\\\/expansionworks.ca\\\/#website\",\"url\":\"https:\\\/\\\/expansionworks.ca\\\/\",\"name\":\"Expansion Works Learning &amp; Project Management Inc.\",\"description\":\"Strategic Solutions for Social Progress\",\"publisher\":{\"@id\":\"https:\\\/\\\/expansionworks.ca\\\/#organization\"},\"potentialAction\":[{\"@type\":\"SearchAction\",\"target\":{\"@type\":\"EntryPoint\",\"urlTemplate\":\"https:\\\/\\\/expansionworks.ca\\\/?s={search_term_string}\"},\"query-input\":{\"@type\":\"PropertyValueSpecification\",\"valueRequired\":true,\"valueName\":\"search_term_string\"}}],\"inLanguage\":\"es\"},{\"@type\":\"Organization\",\"@id\":\"https:\\\/\\\/expansionworks.ca\\\/#organization\",\"name\":\"Expansion Works Learning and Project Management Inc.\",\"url\":\"https:\\\/\\\/expansionworks.ca\\\/\",\"logo\":{\"@type\":\"ImageObject\",\"inLanguage\":\"es\",\"@id\":\"https:\\\/\\\/expansionworks.ca\\\/#\\\/schema\\\/logo\\\/image\\\/\",\"url\":\"https:\\\/\\\/expansionworks.ca\\\/wp-content\\\/uploads\\\/2022\\\/03\\\/Logo-1-Expansion-Works-32222.png\",\"contentUrl\":\"https:\\\/\\\/expansionworks.ca\\\/wp-content\\\/uploads\\\/2022\\\/03\\\/Logo-1-Expansion-Works-32222.png\",\"width\":220,\"height\":184,\"caption\":\"Expansion Works Learning and Project Management Inc.\"},\"image\":{\"@id\":\"https:\\\/\\\/expansionworks.ca\\\/#\\\/schema\\\/logo\\\/image\\\/\"},\"sameAs\":[\"https:\\\/\\\/www.instagram.com\\\/expansionworks?igsh=cHR2YzYwNmRmcG14\",\"https:\\\/\\\/ca.linkedin.com\\\/company\\\/expansionworkslearning\"]}]}<\/script>\n<!-- \/ Yoast SEO plugin. -->","yoast_head_json":{"title":"One-on-one Coaching: Single Session - Expansion Works Learning &amp; Project Management Inc.","robots":{"index":"index","follow":"follow","max-snippet":"max-snippet:-1","max-image-preview":"max-image-preview:large","max-video-preview":"max-video-preview:-1"},"canonical":"https:\/\/expansionworks.ca\/es\/shop\/one-on-one-coaching-single-session\/","og_locale":"es_ES","og_type":"article","og_title":"One-on-one Coaching: Single Session - Expansion Works Learning &amp; Project Management Inc.","og_description":"For feedback or brainstorming needs related but not limited to project management, resume writing, or interview skills. Option available to split it into 2 smaller sessions. Note: the 20 min free call is only available for packages. If interested in a single session please use the ready-to-start option.","og_url":"https:\/\/expansionworks.ca\/es\/shop\/one-on-one-coaching-single-session\/","og_site_name":"Expansion Works Learning &amp; Project Management Inc.","article_modified_time":"2022-03-31T01:37:04+00:00","og_image":[{"width":2560,"height":1709,"url":"https:\/\/expansionworks.ca\/wp-content\/uploads\/2022\/02\/christina-wocintechchat-com-4PU-OC8sW98-unsplash-scaled.jpg","type":"image\/jpeg"}],"twitter_card":"summary_large_image","schema":{"@context":"https:\/\/schema.org","@graph":[{"@type":"WebPage","@id":"https:\/\/expansionworks.ca\/es\/shop\/one-on-one-coaching-single-session\/","url":"https:\/\/expansionworks.ca\/es\/shop\/one-on-one-coaching-single-session\/","name":"One-on-one Coaching: Single Session - Expansion Works Learning &amp; Project Management Inc.","isPartOf":{"@id":"https:\/\/expansionworks.ca\/#website"},"primaryImageOfPage":{"@id":"https:\/\/expansionworks.ca\/es\/shop\/one-on-one-coaching-single-session\/#primaryimage"},"image":{"@id":"https:\/\/expansionworks.ca\/es\/shop\/one-on-one-coaching-single-session\/#primaryimage"},"thumbnailUrl":"https:\/\/expansionworks.ca\/wp-content\/uploads\/2022\/02\/christina-wocintechchat-com-4PU-OC8sW98-unsplash-scaled.jpg","datePublished":"2022-03-21T21:08:52+00:00","dateModified":"2022-03-31T01:37:04+00:00","breadcrumb":{"@id":"https:\/\/expansionworks.ca\/es\/shop\/one-on-one-coaching-single-session\/#breadcrumb"},"inLanguage":"es","potentialAction":[{"@type":"ReadAction","target":["https:\/\/expansionworks.ca\/es\/shop\/one-on-one-coaching-single-session\/"]}]},{"@type":"ImageObject","inLanguage":"es","@id":"https:\/\/expansionworks.ca\/es\/shop\/one-on-one-coaching-single-session\/#primaryimage","url":"https:\/\/expansionworks.ca\/wp-content\/uploads\/2022\/02\/christina-wocintechchat-com-4PU-OC8sW98-unsplash-scaled.jpg","contentUrl":"https:\/\/expansionworks.ca\/wp-content\/uploads\/2022\/02\/christina-wocintechchat-com-4PU-OC8sW98-unsplash-scaled.jpg","width":2560,"height":1709},{"@type":"BreadcrumbList","@id":"https:\/\/expansionworks.ca\/es\/shop\/one-on-one-coaching-single-session\/#breadcrumb","itemListElement":[{"@type":"ListItem","position":1,"name":"Home","item":"https:\/\/expansionworks.ca\/"},{"@type":"ListItem","position":2,"name":"Shop","item":"https:\/\/expansionworks.ca\/shop\/"},{"@type":"ListItem","position":3,"name":"One-on-one Coaching: Single Session"}]},{"@type":"WebSite","@id":"https:\/\/expansionworks.ca\/#website","url":"https:\/\/expansionworks.ca\/","name":"Expansion Works Learning &amp; Project Management Inc.","description":"Strategic Solutions for Social Progress","publisher":{"@id":"https:\/\/expansionworks.ca\/#organization"},"potentialAction":[{"@type":"SearchAction","target":{"@type":"EntryPoint","urlTemplate":"https:\/\/expansionworks.ca\/?s={search_term_string}"},"query-input":{"@type":"PropertyValueSpecification","valueRequired":true,"valueName":"search_term_string"}}],"inLanguage":"es"},{"@type":"Organization","@id":"https:\/\/expansionworks.ca\/#organization","name":"Expansion Works Learning and Project Management Inc.","url":"https:\/\/expansionworks.ca\/","logo":{"@type":"ImageObject","inLanguage":"es","@id":"https:\/\/expansionworks.ca\/#\/schema\/logo\/image\/","url":"https:\/\/expansionworks.ca\/wp-content\/uploads\/2022\/03\/Logo-1-Expansion-Works-32222.png","contentUrl":"https:\/\/expansionworks.ca\/wp-content\/uploads\/2022\/03\/Logo-1-Expansion-Works-32222.png","width":220,"height":184,"caption":"Expansion Works Learning and Project Management Inc."},"image":{"@id":"https:\/\/expansionworks.ca\/#\/schema\/logo\/image\/"},"sameAs":["https:\/\/www.instagram.com\/expansionworks?igsh=cHR2YzYwNmRmcG14","https:\/\/ca.linkedin.com\/company\/expansionworkslearning"]}]}},"_links":{"self":[{"href":"https:\/\/expansionworks.ca\/es\/wp-json\/wp\/v2\/product\/1051","targetHints":{"allow":["GET"]}}],"collection":[{"href":"https:\/\/expansionworks.ca\/es\/wp-json\/wp\/v2\/product"}],"about":[{"href":"https:\/\/expansionworks.ca\/es\/wp-json\/wp\/v2\/types\/product"}],"replies":[{"embeddable":true,"href":"https:\/\/expansionworks.ca\/es\/wp-json\/wp\/v2\/comments?post=1051"}],"wp:featuredmedia":[{"embeddable":true,"href":"https:\/\/expansionworks.ca\/es\/wp-json\/wp\/v2\/media\/512"}],"wp:attachment":[{"href":"https:\/\/expansionworks.ca\/es\/wp-json\/wp\/v2\/media?parent=1051"}],"wp:term":[{"taxonomy":"product_cat","embeddable":true,"href":"https:\/\/expansionworks.ca\/es\/wp-json\/wp\/v2\/product_cat?post=1051"},{"taxonomy":"product_tag","embeddable":true,"href":"https:\/\/expansionworks.ca\/es\/wp-json\/wp\/v2\/product_tag?post=1051"}],"curies":[{"name":"wp","href":"https:\/\/api.w.org\/{rel}","templated":true}]}}