{"id":1053,"date":"2022-03-21T21:14:16","date_gmt":"2022-03-21T21:14:16","guid":{"rendered":"https:\/\/expansionworks.ca\/?post_type=product&#038;p=1053"},"modified":"2025-04-12T11:07:20","modified_gmt":"2025-04-12T11:07:20","slug":"expansive-intervention-package","status":"publish","type":"product","link":"https:\/\/expansionworks.ca\/es\/shop\/expansive-intervention-package\/","title":{"rendered":"One-on-one Coaching: Expansive Intervention Package"},"content":{"rendered":"","protected":false},"excerpt":{"rendered":"<p>Incluye 8 sesiones\/3 meses de coaching privado. Recomendado para un trabajo profundo en desarrollo personal, liderazgo, abordaje de m\u00faltiples desaf\u00edos, tutor\u00eda o planificaci\u00f3n de carrera.<\/p>\n<h3 class=\"elementor-heading-title elementor-size-default\">Nota: la llamada gratuita de 20 min solo est\u00e1 disponible para paquetes. Si est\u00e1 interesado en una sola sesi\u00f3n, utilice la opci\u00f3n listo para comenzar.<\/h3>","protected":false},"featured_media":491,"comment_status":"open","ping_status":"closed","template":"","meta":{"site-sidebar-layout":"default","site-content-layout":"default","ast-global-header-display":"","ast-main-header-display":"","ast-hfb-above-header-display":"","ast-hfb-below-header-display":"","ast-hfb-mobile-header-display":"","site-post-title":"","ast-breadcrumbs-content":"","ast-featured-img":"","footer-sml-layout":"","theme-transparent-header-meta":"default","adv-header-id-meta":"","stick-header-meta":"","header-above-stick-meta":"","header-main-stick-meta":"","header-below-stick-meta":""},"product_cat":[24],"product_tag":[],"class_list":["post-1053","product","type-product","status-publish","has-post-thumbnail","hentry","product_cat-one-on-one-coaching"],"yoast_head":"<!-- This site is optimized with the Yoast SEO plugin v27.4 - https:\/\/yoast.com\/product\/yoast-seo-wordpress\/ -->\n<title>One-on-one Coaching: Expansive Intervention Package - Expansion Works Learning &amp; Project Management Inc.<\/title>\n<meta name=\"robots\" content=\"index, follow, max-snippet:-1, max-image-preview:large, max-video-preview:-1\" \/>\n<link rel=\"canonical\" href=\"https:\/\/expansionworks.ca\/es\/shop\/expansive-intervention-package\/\" \/>\n<meta property=\"og:locale\" content=\"es_ES\" \/>\n<meta property=\"og:type\" content=\"article\" \/>\n<meta property=\"og:title\" content=\"One-on-one Coaching: Expansive Intervention Package - Expansion Works Learning &amp; Project Management Inc.\" \/>\n<meta property=\"og:description\" content=\"Includes 8 sessions\/3 months of private coaching. Recommended for deep work on soft or leadership skills, addressing multiple challenges, ongoing mentoring support, or career planning. Note: the 20 min free call is only available for packages. If interested in a single session please use the ready-to-start option.\" \/>\n<meta property=\"og:url\" content=\"https:\/\/expansionworks.ca\/es\/shop\/expansive-intervention-package\/\" \/>\n<meta property=\"og:site_name\" content=\"Expansion Works Learning &amp; Project Management Inc.\" \/>\n<meta property=\"article:modified_time\" content=\"2025-04-12T11:07:20+00:00\" \/>\n<meta property=\"og:image\" content=\"https:\/\/expansionworks.ca\/wp-content\/uploads\/2022\/02\/christina-wocintechchat-com-LQ1t-8Ms5PY-unsplash-scaled.jpg\" \/>\n\t<meta property=\"og:image:width\" content=\"2560\" \/>\n\t<meta property=\"og:image:height\" content=\"1707\" \/>\n\t<meta property=\"og:image:type\" content=\"image\/jpeg\" \/>\n<meta name=\"twitter:card\" content=\"summary_large_image\" \/>\n<script type=\"application\/ld+json\" class=\"yoast-schema-graph\">{\"@context\":\"https:\\\/\\\/schema.org\",\"@graph\":[{\"@type\":\"WebPage\",\"@id\":\"https:\\\/\\\/expansionworks.ca\\\/shop\\\/expansive-intervention-package\\\/\",\"url\":\"https:\\\/\\\/expansionworks.ca\\\/shop\\\/expansive-intervention-package\\\/\",\"name\":\"One-on-one Coaching: Expansive Intervention Package - Expansion Works Learning &amp; Project Management Inc.\",\"isPartOf\":{\"@id\":\"https:\\\/\\\/expansionworks.ca\\\/#website\"},\"primaryImageOfPage\":{\"@id\":\"https:\\\/\\\/expansionworks.ca\\\/shop\\\/expansive-intervention-package\\\/#primaryimage\"},\"image\":{\"@id\":\"https:\\\/\\\/expansionworks.ca\\\/shop\\\/expansive-intervention-package\\\/#primaryimage\"},\"thumbnailUrl\":\"https:\\\/\\\/expansionworks.ca\\\/wp-content\\\/uploads\\\/2022\\\/02\\\/christina-wocintechchat-com-LQ1t-8Ms5PY-unsplash-scaled.jpg\",\"datePublished\":\"2022-03-21T21:14:16+00:00\",\"dateModified\":\"2025-04-12T11:07:20+00:00\",\"breadcrumb\":{\"@id\":\"https:\\\/\\\/expansionworks.ca\\\/shop\\\/expansive-intervention-package\\\/#breadcrumb\"},\"inLanguage\":\"es\",\"potentialAction\":[{\"@type\":\"ReadAction\",\"target\":[\"https:\\\/\\\/expansionworks.ca\\\/shop\\\/expansive-intervention-package\\\/\"]}]},{\"@type\":\"ImageObject\",\"inLanguage\":\"es\",\"@id\":\"https:\\\/\\\/expansionworks.ca\\\/shop\\\/expansive-intervention-package\\\/#primaryimage\",\"url\":\"https:\\\/\\\/expansionworks.ca\\\/wp-content\\\/uploads\\\/2022\\\/02\\\/christina-wocintechchat-com-LQ1t-8Ms5PY-unsplash-scaled.jpg\",\"contentUrl\":\"https:\\\/\\\/expansionworks.ca\\\/wp-content\\\/uploads\\\/2022\\\/02\\\/christina-wocintechchat-com-LQ1t-8Ms5PY-unsplash-scaled.jpg\",\"width\":2560,\"height\":1707},{\"@type\":\"BreadcrumbList\",\"@id\":\"https:\\\/\\\/expansionworks.ca\\\/shop\\\/expansive-intervention-package\\\/#breadcrumb\",\"itemListElement\":[{\"@type\":\"ListItem\",\"position\":1,\"name\":\"Home\",\"item\":\"https:\\\/\\\/expansionworks.ca\\\/\"},{\"@type\":\"ListItem\",\"position\":2,\"name\":\"Shop\",\"item\":\"https:\\\/\\\/expansionworks.ca\\\/shop\\\/\"},{\"@type\":\"ListItem\",\"position\":3,\"name\":\"One-on-one Coaching: Expansive Intervention Package\"}]},{\"@type\":\"WebSite\",\"@id\":\"https:\\\/\\\/expansionworks.ca\\\/#website\",\"url\":\"https:\\\/\\\/expansionworks.ca\\\/\",\"name\":\"Expansion Works Learning &amp; Project Management Inc.\",\"description\":\"Strategic Solutions for Social Progress\",\"publisher\":{\"@id\":\"https:\\\/\\\/expansionworks.ca\\\/#organization\"},\"potentialAction\":[{\"@type\":\"SearchAction\",\"target\":{\"@type\":\"EntryPoint\",\"urlTemplate\":\"https:\\\/\\\/expansionworks.ca\\\/?s={search_term_string}\"},\"query-input\":{\"@type\":\"PropertyValueSpecification\",\"valueRequired\":true,\"valueName\":\"search_term_string\"}}],\"inLanguage\":\"es\"},{\"@type\":\"Organization\",\"@id\":\"https:\\\/\\\/expansionworks.ca\\\/#organization\",\"name\":\"Expansion Works Learning and Project Management Inc.\",\"url\":\"https:\\\/\\\/expansionworks.ca\\\/\",\"logo\":{\"@type\":\"ImageObject\",\"inLanguage\":\"es\",\"@id\":\"https:\\\/\\\/expansionworks.ca\\\/#\\\/schema\\\/logo\\\/image\\\/\",\"url\":\"https:\\\/\\\/expansionworks.ca\\\/wp-content\\\/uploads\\\/2022\\\/03\\\/Logo-1-Expansion-Works-32222.png\",\"contentUrl\":\"https:\\\/\\\/expansionworks.ca\\\/wp-content\\\/uploads\\\/2022\\\/03\\\/Logo-1-Expansion-Works-32222.png\",\"width\":220,\"height\":184,\"caption\":\"Expansion Works Learning and Project Management Inc.\"},\"image\":{\"@id\":\"https:\\\/\\\/expansionworks.ca\\\/#\\\/schema\\\/logo\\\/image\\\/\"},\"sameAs\":[\"https:\\\/\\\/www.instagram.com\\\/expansionworks?igsh=cHR2YzYwNmRmcG14\",\"https:\\\/\\\/ca.linkedin.com\\\/company\\\/expansionworkslearning\"]}]}<\/script>\n<!-- \/ Yoast SEO plugin. -->","yoast_head_json":{"title":"One-on-one Coaching: Expansive Intervention Package - Expansion Works Learning &amp; Project Management Inc.","robots":{"index":"index","follow":"follow","max-snippet":"max-snippet:-1","max-image-preview":"max-image-preview:large","max-video-preview":"max-video-preview:-1"},"canonical":"https:\/\/expansionworks.ca\/es\/shop\/expansive-intervention-package\/","og_locale":"es_ES","og_type":"article","og_title":"One-on-one Coaching: Expansive Intervention Package - Expansion Works Learning &amp; Project Management Inc.","og_description":"Includes 8 sessions\/3 months of private coaching. Recommended for deep work on soft or leadership skills, addressing multiple challenges, ongoing mentoring support, or career planning. Note: the 20 min free call is only available for packages. If interested in a single session please use the ready-to-start option.","og_url":"https:\/\/expansionworks.ca\/es\/shop\/expansive-intervention-package\/","og_site_name":"Expansion Works Learning &amp; Project Management Inc.","article_modified_time":"2025-04-12T11:07:20+00:00","og_image":[{"width":2560,"height":1707,"url":"https:\/\/expansionworks.ca\/wp-content\/uploads\/2022\/02\/christina-wocintechchat-com-LQ1t-8Ms5PY-unsplash-scaled.jpg","type":"image\/jpeg"}],"twitter_card":"summary_large_image","schema":{"@context":"https:\/\/schema.org","@graph":[{"@type":"WebPage","@id":"https:\/\/expansionworks.ca\/shop\/expansive-intervention-package\/","url":"https:\/\/expansionworks.ca\/shop\/expansive-intervention-package\/","name":"One-on-one Coaching: Expansive Intervention Package - Expansion Works Learning &amp; Project Management Inc.","isPartOf":{"@id":"https:\/\/expansionworks.ca\/#website"},"primaryImageOfPage":{"@id":"https:\/\/expansionworks.ca\/shop\/expansive-intervention-package\/#primaryimage"},"image":{"@id":"https:\/\/expansionworks.ca\/shop\/expansive-intervention-package\/#primaryimage"},"thumbnailUrl":"https:\/\/expansionworks.ca\/wp-content\/uploads\/2022\/02\/christina-wocintechchat-com-LQ1t-8Ms5PY-unsplash-scaled.jpg","datePublished":"2022-03-21T21:14:16+00:00","dateModified":"2025-04-12T11:07:20+00:00","breadcrumb":{"@id":"https:\/\/expansionworks.ca\/shop\/expansive-intervention-package\/#breadcrumb"},"inLanguage":"es","potentialAction":[{"@type":"ReadAction","target":["https:\/\/expansionworks.ca\/shop\/expansive-intervention-package\/"]}]},{"@type":"ImageObject","inLanguage":"es","@id":"https:\/\/expansionworks.ca\/shop\/expansive-intervention-package\/#primaryimage","url":"https:\/\/expansionworks.ca\/wp-content\/uploads\/2022\/02\/christina-wocintechchat-com-LQ1t-8Ms5PY-unsplash-scaled.jpg","contentUrl":"https:\/\/expansionworks.ca\/wp-content\/uploads\/2022\/02\/christina-wocintechchat-com-LQ1t-8Ms5PY-unsplash-scaled.jpg","width":2560,"height":1707},{"@type":"BreadcrumbList","@id":"https:\/\/expansionworks.ca\/shop\/expansive-intervention-package\/#breadcrumb","itemListElement":[{"@type":"ListItem","position":1,"name":"Home","item":"https:\/\/expansionworks.ca\/"},{"@type":"ListItem","position":2,"name":"Shop","item":"https:\/\/expansionworks.ca\/shop\/"},{"@type":"ListItem","position":3,"name":"One-on-one Coaching: Expansive Intervention Package"}]},{"@type":"WebSite","@id":"https:\/\/expansionworks.ca\/#website","url":"https:\/\/expansionworks.ca\/","name":"Expansion Works Learning &amp; Project Management Inc.","description":"Strategic Solutions for Social Progress","publisher":{"@id":"https:\/\/expansionworks.ca\/#organization"},"potentialAction":[{"@type":"SearchAction","target":{"@type":"EntryPoint","urlTemplate":"https:\/\/expansionworks.ca\/?s={search_term_string}"},"query-input":{"@type":"PropertyValueSpecification","valueRequired":true,"valueName":"search_term_string"}}],"inLanguage":"es"},{"@type":"Organization","@id":"https:\/\/expansionworks.ca\/#organization","name":"Expansion Works Learning and Project Management Inc.","url":"https:\/\/expansionworks.ca\/","logo":{"@type":"ImageObject","inLanguage":"es","@id":"https:\/\/expansionworks.ca\/#\/schema\/logo\/image\/","url":"https:\/\/expansionworks.ca\/wp-content\/uploads\/2022\/03\/Logo-1-Expansion-Works-32222.png","contentUrl":"https:\/\/expansionworks.ca\/wp-content\/uploads\/2022\/03\/Logo-1-Expansion-Works-32222.png","width":220,"height":184,"caption":"Expansion Works Learning and Project Management Inc."},"image":{"@id":"https:\/\/expansionworks.ca\/#\/schema\/logo\/image\/"},"sameAs":["https:\/\/www.instagram.com\/expansionworks?igsh=cHR2YzYwNmRmcG14","https:\/\/ca.linkedin.com\/company\/expansionworkslearning"]}]}},"_links":{"self":[{"href":"https:\/\/expansionworks.ca\/es\/wp-json\/wp\/v2\/product\/1053","targetHints":{"allow":["GET"]}}],"collection":[{"href":"https:\/\/expansionworks.ca\/es\/wp-json\/wp\/v2\/product"}],"about":[{"href":"https:\/\/expansionworks.ca\/es\/wp-json\/wp\/v2\/types\/product"}],"replies":[{"embeddable":true,"href":"https:\/\/expansionworks.ca\/es\/wp-json\/wp\/v2\/comments?post=1053"}],"wp:featuredmedia":[{"embeddable":true,"href":"https:\/\/expansionworks.ca\/es\/wp-json\/wp\/v2\/media\/491"}],"wp:attachment":[{"href":"https:\/\/expansionworks.ca\/es\/wp-json\/wp\/v2\/media?parent=1053"}],"wp:term":[{"taxonomy":"product_cat","embeddable":true,"href":"https:\/\/expansionworks.ca\/es\/wp-json\/wp\/v2\/product_cat?post=1053"},{"taxonomy":"product_tag","embeddable":true,"href":"https:\/\/expansionworks.ca\/es\/wp-json\/wp\/v2\/product_tag?post=1053"}],"curies":[{"name":"wp","href":"https:\/\/api.w.org\/{rel}","templated":true}]}}